{"id":6134,"date":"2024-09-13T09:39:28","date_gmt":"2024-09-13T09:39:28","guid":{"rendered":"https:\/\/www.mededu.at\/ki-med\/?page_id=6134"},"modified":"2024-10-28T13:52:48","modified_gmt":"2024-10-28T13:52:48","slug":"teresa-kraenke","status":"publish","type":"page","link":"https:\/\/www.mededu.at\/ki-med\/ki-med\/vortragende\/teresa-kraenke\/","title":{"rendered":"Teresa Kr\u00e4nke"},"content":{"rendered":"\t\t<div data-elementor-type=\"wp-page\" data-elementor-id=\"6134\" class=\"elementor elementor-6134\" data-elementor-post-type=\"page\">\n\t\t\t\t\t\t<section class=\"elementor-section elementor-top-section elementor-element elementor-element-66acdc3d elementor-section-boxed elementor-section-height-default elementor-section-height-default\" data-id=\"66acdc3d\" data-element_type=\"section\" data-settings=\"{&quot;background_background&quot;:&quot;classic&quot;}\">\n\t\t\t\t\t\t\t<div class=\"elementor-background-overlay\"><\/div>\n\t\t\t\t\t\t\t<div class=\"elementor-container elementor-column-gap-default\">\n\t\t\t\t\t<div class=\"elementor-column elementor-col-100 elementor-top-column elementor-element elementor-element-1abecd8d\" data-id=\"1abecd8d\" data-element_type=\"column\">\n\t\t\t<div class=\"elementor-widget-wrap elementor-element-populated\">\n\t\t\t\t\t\t<div class=\"elementor-element elementor-element-14ef8c6 elementor-widget elementor-widget-button\" data-id=\"14ef8c6\" data-element_type=\"widget\" id=\"go-back\" data-widget_type=\"button.default\">\n\t\t\t\t<div class=\"elementor-widget-container\">\n\t\t\t\t\t<div class=\"elementor-button-wrapper\">\n\t\t\t<a class=\"elementor-button elementor-button-link elementor-size-sm\" href=\"https:\/\/www.mededu.at\/ki-med\/ki-med\/vortragende\/\">\n\t\t\t\t\t\t<span class=\"elementor-button-content-wrapper\">\n\t\t\t\t\t\t<span class=\"elementor-button-icon\">\n\t\t\t\t<svg aria-hidden=\"true\" class=\"e-font-icon-svg e-far-arrow-alt-circle-left\" viewBox=\"0 0 512 512\" xmlns=\"http:\/\/www.w3.org\/2000\/svg\"><path d=\"M8 256c0 137 111 248 248 248s248-111 248-248S393 8 256 8 8 119 8 256zm448 0c0 110.5-89.5 200-200 200S56 366.5 56 256 145.5 56 256 56s200 89.5 200 200zm-72-20v40c0 6.6-5.4 12-12 12H256v67c0 10.7-12.9 16-20.5 8.5l-99-99c-4.7-4.7-4.7-12.3 0-17l99-99c7.6-7.6 20.5-2.2 20.5 8.5v67h116c6.6 0 12 5.4 12 12z\"><\/path><\/svg>\t\t\t<\/span>\n\t\t\t\t\t\t\t\t\t<span class=\"elementor-button-text\">Zur\u00fcck<\/span>\n\t\t\t\t\t<\/span>\n\t\t\t\t\t<\/a>\n\t\t<\/div>\n\t\t\t\t<\/div>\n\t\t\t\t<\/div>\n\t\t\t\t<div class=\"elementor-element elementor-element-1d4f9b2 aleft elementor-widget-image-box wgl-image-box elementor-view-default elementor-widget elementor-widget-wgl-info-box\" data-id=\"1d4f9b2\" data-element_type=\"widget\" data-widget_type=\"wgl-info-box.default\">\n\t\t\t\t<div class=\"elementor-widget-container\">\n\t\t\t<div class=\"wgl-infobox\"><div class=\"wgl-infobox_wrapper wgl-layout-top\"><div class=\"media-wrapper img-wrapper\"><figure class=\"wgl-image-box_img\"><span ><img fetchpriority=\"high\" decoding=\"async\" width=\"540\" height=\"540\" src=\"https:\/\/www.mededu.at\/wp-content\/uploads\/2024\/10\/9-1.png\" class=\"attachment-full size-full wp-image-6837\" alt=\"Theresa Kr\u00e4nke _ Transparent\" srcset=\"https:\/\/www.mededu.at\/wp-content\/uploads\/2024\/10\/9-1.png 540w, https:\/\/www.mededu.at\/wp-content\/uploads\/2024\/10\/9-1-300x300.png 300w, https:\/\/www.mededu.at\/wp-content\/uploads\/2024\/10\/9-1-150x150.png 150w\" sizes=\"(max-width: 540px) 100vw, 540px\" \/><\/span><\/figure><\/div><div class=\"content_wrapper\"><div class=\"wgl-infobox-title_wrapper\"><h3 class=\"wgl-infobox_title\"><span class=\"wgl-infobox_title-idle\">Dr.<\/span><\/h3><div class=\"wgl-infobox_subtitle\">Teresa Kr\u00e4nke<\/div><\/div><div class=\"wgl-infobox_content\"><p>Dr. Kr\u00e4nke ist Fach\u00e4rztin f\u00fcr Dermatologie und Venerologie am Universit\u00e4tsklinikum Graz. Sie ist Medical Data Specialist bei der Firma Medaia GmbH und Vorstandmitglied bei der International Dermoscopy Society.\u00a0<\/p><\/div><\/div><\/div><\/div>\t\t<\/div>\n\t\t\t\t<\/div>\n\t\t\t\t<div class=\"elementor-element elementor-element-1c31d0f2 elementor-widget elementor-widget-spacer\" data-id=\"1c31d0f2\" data-element_type=\"widget\" data-widget_type=\"spacer.default\">\n\t\t\t\t<div class=\"elementor-widget-container\">\n\t\t\t\t\t<div class=\"elementor-spacer\">\n\t\t\t<div class=\"elementor-spacer-inner\"><\/div>\n\t\t<\/div>\n\t\t\t\t<\/div>\n\t\t\t\t<\/div>\n\t\t\t\t<div class=\"elementor-element elementor-element-382beed elementor-widget-divider--view-line elementor-widget elementor-widget-divider\" data-id=\"382beed\" data-element_type=\"widget\" data-widget_type=\"divider.default\">\n\t\t\t\t<div class=\"elementor-widget-container\">\n\t\t\t\t\t<div class=\"elementor-divider\">\n\t\t\t<span class=\"elementor-divider-separator\">\n\t\t\t\t\t\t<\/span>\n\t\t<\/div>\n\t\t\t\t<\/div>\n\t\t\t\t<\/div>\n\t\t\t\t\t<\/div>\n\t\t<\/div>\n\t\t\t\t\t<\/div>\n\t\t<\/section>\n\t\t\t\t<\/div>\n\t\t","protected":false},"excerpt":{"rendered":"<p>Zur\u00fcck Dr. Teresa Kr\u00e4nke Dr. Kr\u00e4nke ist Fach\u00e4rztin f\u00fcr Dermatologie und Venerologie am Universit\u00e4tsklinikum Graz. Sie ist Medical Data Specialist bei der Firma Medaia GmbH und Vorstandmitglied bei der International Dermoscopy Society.\u00a0<\/p>\n","protected":false},"author":1,"featured_media":6135,"parent":4110,"menu_order":0,"comment_status":"closed","ping_status":"closed","template":"","meta":{"footnotes":""},"class_list":["post-6134","page","type-page","status-publish","has-post-thumbnail","hentry"],"yoast_head":"<!-- This site is optimized with the Yoast SEO plugin v23.7 - https:\/\/yoast.com\/wordpress\/plugins\/seo\/ -->\n<title>Teresa Kr\u00e4nke - Speaker bei der virtuellen Konferenz KI-Med<\/title>\n<meta name=\"description\" content=\"Wir freuen uns, dass wir Dr. Teresa Kr\u00e4nke als SpeakerIn f\u00fcr KI-Med, virtuelle KI-Konferenz f\u00fcr AllgemeinmedizinerInnen, gewinnen konnten.\" \/>\n<meta name=\"robots\" content=\"index, follow, max-snippet:-1, max-image-preview:large, max-video-preview:-1\" \/>\n<link rel=\"canonical\" href=\"https:\/\/www.mededu.at\/ki-med\/ki-med\/vortragende\/teresa-kraenke\/\" \/>\n<meta property=\"og:locale\" content=\"de_DE\" \/>\n<meta property=\"og:type\" content=\"article\" \/>\n<meta property=\"og:title\" content=\"Teresa Kr\u00e4nke - Speaker bei der virtuellen Konferenz KI-Med\" \/>\n<meta property=\"og:description\" content=\"Wir freuen uns, dass wir Dr. Teresa Kr\u00e4nke als SpeakerIn f\u00fcr KI-Med, virtuelle KI-Konferenz f\u00fcr AllgemeinmedizinerInnen, gewinnen konnten.\" \/>\n<meta property=\"og:url\" content=\"https:\/\/www.mededu.at\/ki-med\/ki-med\/vortragende\/teresa-kraenke\/\" \/>\n<meta property=\"og:site_name\" content=\"MedEdu\" \/>\n<meta property=\"article:modified_time\" content=\"2024-10-28T13:52:48+00:00\" \/>\n<meta property=\"og:image\" content=\"https:\/\/www.mededu.at\/wp-content\/uploads\/2024\/09\/Theresa-Kraenke-_-Transparent.png\" \/>\n\t<meta property=\"og:image:width\" content=\"1080\" \/>\n\t<meta property=\"og:image:height\" content=\"1080\" \/>\n\t<meta property=\"og:image:type\" content=\"image\/png\" \/>\n<meta name=\"twitter:card\" content=\"summary_large_image\" \/>\n<meta name=\"twitter:label1\" content=\"Gesch\u00e4tzte Lesezeit\" \/>\n\t<meta name=\"twitter:data1\" content=\"1\u00a0Minute\" \/>\n<script type=\"application\/ld+json\" class=\"yoast-schema-graph\">{\"@context\":\"https:\/\/schema.org\",\"@graph\":[{\"@type\":\"WebPage\",\"@id\":\"https:\/\/www.mededu.at\/ki-med\/ki-med\/vortragende\/teresa-kraenke\/\",\"url\":\"https:\/\/www.mededu.at\/ki-med\/ki-med\/vortragende\/teresa-kraenke\/\",\"name\":\"Teresa Kr\u00e4nke - Speaker bei der virtuellen Konferenz KI-Med\",\"isPartOf\":{\"@id\":\"https:\/\/www.mededu.at\/ki-med\/#website\"},\"primaryImageOfPage\":{\"@id\":\"https:\/\/www.mededu.at\/ki-med\/ki-med\/vortragende\/teresa-kraenke\/#primaryimage\"},\"image\":{\"@id\":\"https:\/\/www.mededu.at\/ki-med\/ki-med\/vortragende\/teresa-kraenke\/#primaryimage\"},\"thumbnailUrl\":\"https:\/\/www.mededu.at\/wp-content\/uploads\/2024\/09\/Theresa-Kraenke-_-Transparent.png\",\"datePublished\":\"2024-09-13T09:39:28+00:00\",\"dateModified\":\"2024-10-28T13:52:48+00:00\",\"description\":\"Wir freuen uns, dass wir Dr. Teresa Kr\u00e4nke als SpeakerIn f\u00fcr KI-Med, virtuelle KI-Konferenz f\u00fcr AllgemeinmedizinerInnen, gewinnen konnten.\",\"breadcrumb\":{\"@id\":\"https:\/\/www.mededu.at\/ki-med\/ki-med\/vortragende\/teresa-kraenke\/#breadcrumb\"},\"inLanguage\":\"de\",\"potentialAction\":[{\"@type\":\"ReadAction\",\"target\":[\"https:\/\/www.mededu.at\/ki-med\/ki-med\/vortragende\/teresa-kraenke\/\"]}]},{\"@type\":\"ImageObject\",\"inLanguage\":\"de\",\"@id\":\"https:\/\/www.mededu.at\/ki-med\/ki-med\/vortragende\/teresa-kraenke\/#primaryimage\",\"url\":\"https:\/\/www.mededu.at\/wp-content\/uploads\/2024\/09\/Theresa-Kraenke-_-Transparent.png\",\"contentUrl\":\"https:\/\/www.mededu.at\/wp-content\/uploads\/2024\/09\/Theresa-Kraenke-_-Transparent.png\",\"width\":1080,\"height\":1080},{\"@type\":\"BreadcrumbList\",\"@id\":\"https:\/\/www.mededu.at\/ki-med\/ki-med\/vortragende\/teresa-kraenke\/#breadcrumb\",\"itemListElement\":[{\"@type\":\"ListItem\",\"position\":1,\"name\":\"Home\",\"item\":\"https:\/\/www.mededu.at\/ki-med\/\"},{\"@type\":\"ListItem\",\"position\":2,\"name\":\"KI-MED\",\"item\":\"https:\/\/www.mededu.at\/ki-med\/\"},{\"@type\":\"ListItem\",\"position\":3,\"name\":\"Vortragende\",\"item\":\"https:\/\/www.mededu.at\/ki-med\/ki-med\/vortragende\/\"},{\"@type\":\"ListItem\",\"position\":4,\"name\":\"Teresa Kr\u00e4nke\"}]},{\"@type\":\"WebSite\",\"@id\":\"https:\/\/www.mededu.at\/ki-med\/#website\",\"url\":\"https:\/\/www.mededu.at\/ki-med\/\",\"name\":\"MedEdu\",\"description\":\"Digitale Fortbildung in der Medizin\",\"publisher\":{\"@id\":\"https:\/\/www.mededu.at\/ki-med\/#organization\"},\"potentialAction\":[{\"@type\":\"SearchAction\",\"target\":{\"@type\":\"EntryPoint\",\"urlTemplate\":\"https:\/\/www.mededu.at\/ki-med\/?s={search_term_string}\"},\"query-input\":{\"@type\":\"PropertyValueSpecification\",\"valueRequired\":true,\"valueName\":\"search_term_string\"}}],\"inLanguage\":\"de\"},{\"@type\":\"Organization\",\"@id\":\"https:\/\/www.mededu.at\/ki-med\/#organization\",\"name\":\"MedEdu\",\"url\":\"https:\/\/www.mededu.at\/ki-med\/\",\"logo\":{\"@type\":\"ImageObject\",\"inLanguage\":\"de\",\"@id\":\"https:\/\/www.mededu.at\/ki-med\/#\/schema\/logo\/image\/\",\"url\":\"https:\/\/www.mededu.at\/wp-content\/uploads\/2023\/05\/Logo-1.png\",\"contentUrl\":\"https:\/\/www.mededu.at\/wp-content\/uploads\/2023\/05\/Logo-1.png\",\"width\":756,\"height\":713,\"caption\":\"MedEdu\"},\"image\":{\"@id\":\"https:\/\/www.mededu.at\/ki-med\/#\/schema\/logo\/image\/\"}}]}<\/script>\n<!-- \/ Yoast SEO plugin. -->","yoast_head_json":{"title":"Teresa Kr\u00e4nke - Speaker bei der virtuellen Konferenz KI-Med","description":"Wir freuen uns, dass wir Dr. Teresa Kr\u00e4nke als SpeakerIn f\u00fcr KI-Med, virtuelle KI-Konferenz f\u00fcr AllgemeinmedizinerInnen, gewinnen konnten.","robots":{"index":"index","follow":"follow","max-snippet":"max-snippet:-1","max-image-preview":"max-image-preview:large","max-video-preview":"max-video-preview:-1"},"canonical":"https:\/\/www.mededu.at\/ki-med\/ki-med\/vortragende\/teresa-kraenke\/","og_locale":"de_DE","og_type":"article","og_title":"Teresa Kr\u00e4nke - Speaker bei der virtuellen Konferenz KI-Med","og_description":"Wir freuen uns, dass wir Dr. Teresa Kr\u00e4nke als SpeakerIn f\u00fcr KI-Med, virtuelle KI-Konferenz f\u00fcr AllgemeinmedizinerInnen, gewinnen konnten.","og_url":"https:\/\/www.mededu.at\/ki-med\/ki-med\/vortragende\/teresa-kraenke\/","og_site_name":"MedEdu","article_modified_time":"2024-10-28T13:52:48+00:00","og_image":[{"width":1080,"height":1080,"url":"https:\/\/www.mededu.at\/wp-content\/uploads\/2024\/09\/Theresa-Kraenke-_-Transparent.png","type":"image\/png"}],"twitter_card":"summary_large_image","twitter_misc":{"Gesch\u00e4tzte Lesezeit":"1\u00a0Minute"},"schema":{"@context":"https:\/\/schema.org","@graph":[{"@type":"WebPage","@id":"https:\/\/www.mededu.at\/ki-med\/ki-med\/vortragende\/teresa-kraenke\/","url":"https:\/\/www.mededu.at\/ki-med\/ki-med\/vortragende\/teresa-kraenke\/","name":"Teresa Kr\u00e4nke - Speaker bei der virtuellen Konferenz KI-Med","isPartOf":{"@id":"https:\/\/www.mededu.at\/ki-med\/#website"},"primaryImageOfPage":{"@id":"https:\/\/www.mededu.at\/ki-med\/ki-med\/vortragende\/teresa-kraenke\/#primaryimage"},"image":{"@id":"https:\/\/www.mededu.at\/ki-med\/ki-med\/vortragende\/teresa-kraenke\/#primaryimage"},"thumbnailUrl":"https:\/\/www.mededu.at\/wp-content\/uploads\/2024\/09\/Theresa-Kraenke-_-Transparent.png","datePublished":"2024-09-13T09:39:28+00:00","dateModified":"2024-10-28T13:52:48+00:00","description":"Wir freuen uns, dass wir Dr. Teresa Kr\u00e4nke als SpeakerIn f\u00fcr KI-Med, virtuelle KI-Konferenz f\u00fcr AllgemeinmedizinerInnen, gewinnen konnten.","breadcrumb":{"@id":"https:\/\/www.mededu.at\/ki-med\/ki-med\/vortragende\/teresa-kraenke\/#breadcrumb"},"inLanguage":"de","potentialAction":[{"@type":"ReadAction","target":["https:\/\/www.mededu.at\/ki-med\/ki-med\/vortragende\/teresa-kraenke\/"]}]},{"@type":"ImageObject","inLanguage":"de","@id":"https:\/\/www.mededu.at\/ki-med\/ki-med\/vortragende\/teresa-kraenke\/#primaryimage","url":"https:\/\/www.mededu.at\/wp-content\/uploads\/2024\/09\/Theresa-Kraenke-_-Transparent.png","contentUrl":"https:\/\/www.mededu.at\/wp-content\/uploads\/2024\/09\/Theresa-Kraenke-_-Transparent.png","width":1080,"height":1080},{"@type":"BreadcrumbList","@id":"https:\/\/www.mededu.at\/ki-med\/ki-med\/vortragende\/teresa-kraenke\/#breadcrumb","itemListElement":[{"@type":"ListItem","position":1,"name":"Home","item":"https:\/\/www.mededu.at\/ki-med\/"},{"@type":"ListItem","position":2,"name":"KI-MED","item":"https:\/\/www.mededu.at\/ki-med\/"},{"@type":"ListItem","position":3,"name":"Vortragende","item":"https:\/\/www.mededu.at\/ki-med\/ki-med\/vortragende\/"},{"@type":"ListItem","position":4,"name":"Teresa Kr\u00e4nke"}]},{"@type":"WebSite","@id":"https:\/\/www.mededu.at\/ki-med\/#website","url":"https:\/\/www.mededu.at\/ki-med\/","name":"MedEdu","description":"Digitale Fortbildung in der Medizin","publisher":{"@id":"https:\/\/www.mededu.at\/ki-med\/#organization"},"potentialAction":[{"@type":"SearchAction","target":{"@type":"EntryPoint","urlTemplate":"https:\/\/www.mededu.at\/ki-med\/?s={search_term_string}"},"query-input":{"@type":"PropertyValueSpecification","valueRequired":true,"valueName":"search_term_string"}}],"inLanguage":"de"},{"@type":"Organization","@id":"https:\/\/www.mededu.at\/ki-med\/#organization","name":"MedEdu","url":"https:\/\/www.mededu.at\/ki-med\/","logo":{"@type":"ImageObject","inLanguage":"de","@id":"https:\/\/www.mededu.at\/ki-med\/#\/schema\/logo\/image\/","url":"https:\/\/www.mededu.at\/wp-content\/uploads\/2023\/05\/Logo-1.png","contentUrl":"https:\/\/www.mededu.at\/wp-content\/uploads\/2023\/05\/Logo-1.png","width":756,"height":713,"caption":"MedEdu"},"image":{"@id":"https:\/\/www.mededu.at\/ki-med\/#\/schema\/logo\/image\/"}}]}},"_links":{"self":[{"href":"https:\/\/www.mededu.at\/ki-med\/wp-json\/wp\/v2\/pages\/6134","targetHints":{"allow":["GET"]}}],"collection":[{"href":"https:\/\/www.mededu.at\/ki-med\/wp-json\/wp\/v2\/pages"}],"about":[{"href":"https:\/\/www.mededu.at\/ki-med\/wp-json\/wp\/v2\/types\/page"}],"author":[{"embeddable":true,"href":"https:\/\/www.mededu.at\/ki-med\/wp-json\/wp\/v2\/users\/1"}],"replies":[{"embeddable":true,"href":"https:\/\/www.mededu.at\/ki-med\/wp-json\/wp\/v2\/comments?post=6134"}],"version-history":[{"count":11,"href":"https:\/\/www.mededu.at\/ki-med\/wp-json\/wp\/v2\/pages\/6134\/revisions"}],"predecessor-version":[{"id":6873,"href":"https:\/\/www.mededu.at\/ki-med\/wp-json\/wp\/v2\/pages\/6134\/revisions\/6873"}],"up":[{"embeddable":true,"href":"https:\/\/www.mededu.at\/ki-med\/wp-json\/wp\/v2\/pages\/4110"}],"wp:featuredmedia":[{"embeddable":true,"href":"https:\/\/www.mededu.at\/ki-med\/wp-json\/wp\/v2\/media\/6135"}],"wp:attachment":[{"href":"https:\/\/www.mededu.at\/ki-med\/wp-json\/wp\/v2\/media?parent=6134"}],"curies":[{"name":"wp","href":"https:\/\/api.w.org\/{rel}","templated":true}]}}