{"id":4112,"date":"2024-08-06T06:53:53","date_gmt":"2024-08-06T06:53:53","guid":{"rendered":"https:\/\/www.mededu.at\/?page_id=4112"},"modified":"2024-10-28T13:53:50","modified_gmt":"2024-10-28T13:53:50","slug":"ueber-uns","status":"publish","type":"page","link":"https:\/\/www.mededu.at\/ki-med\/ueber-uns\/","title":{"rendered":"MEDEDU &#8211; \u00dcber uns"},"content":{"rendered":"\t\t<div data-elementor-type=\"wp-page\" data-elementor-id=\"4112\" class=\"elementor elementor-4112\" data-elementor-post-type=\"page\">\n\t\t\t\t<div class=\"elementor-element elementor-element-08524f4 e-flex e-con-boxed e-con e-parent\" data-id=\"08524f4\" data-element_type=\"container\">\n\t\t\t\t\t<div class=\"e-con-inner\">\n\t\t\t\t<div class=\"elementor-element elementor-element-723526b elementor-widget elementor-widget-heading\" data-id=\"723526b\" data-element_type=\"widget\" data-widget_type=\"heading.default\">\n\t\t\t\t<div class=\"elementor-widget-container\">\n\t\t\t<h2 class=\"elementor-heading-title elementor-size-default\">Erfahren Sie mehr \u00fcber uns - ihr MedEdu Team!<\/h2>\t\t<\/div>\n\t\t\t\t<\/div>\n\t\t\t\t\t<\/div>\n\t\t\t\t<\/div>\n\t\t\t\t<section class=\"elementor-section elementor-top-section elementor-element elementor-element-e88edd6 elementor-section-content-middle elementor-reverse-tablet elementor-reverse-mobile elementor-section-boxed elementor-section-height-default elementor-section-height-default\" data-id=\"e88edd6\" data-element_type=\"section\">\n\t\t\t\t\t\t<div class=\"elementor-container elementor-column-gap-default\">\n\t\t\t\t\t<div class=\"elementor-column elementor-col-50 elementor-top-column elementor-element elementor-element-4e5ee07\" data-id=\"4e5ee07\" data-element_type=\"column\">\n\t\t\t<div class=\"elementor-widget-wrap elementor-element-populated\">\n\t\t\t\t\t\t<div class=\"elementor-element elementor-element-4181974 elementor-widget__width-initial elementor-widget-tablet__width-inherit aleft elementor-widget elementor-widget-wgl-double-heading\" data-id=\"4181974\" data-element_type=\"widget\" data-widget_type=\"wgl-double-heading.default\">\n\t\t\t\t<div class=\"elementor-widget-container\">\n\t\t\t<div class=\"wgl-double-heading\"><div class=\"dblh__subtitle\">Medizinische Fortbildung auf h\u00f6chstem Niveau<\/div><div class=\"dblh__wrapper\"><h3 class=\"dblh__title-wrapper\"><span class=\"dblh__title dblh__title-1\">MedEdu - medizinische Fortbildung: von Mensch f\u00fcr Mensch<\/span><\/h3><\/div><\/div>\t\t<\/div>\n\t\t\t\t<\/div>\n\t\t\t\t<div class=\"elementor-element elementor-element-3311f80 elementor-widget elementor-widget-spacer\" data-id=\"3311f80\" data-element_type=\"widget\" data-widget_type=\"spacer.default\">\n\t\t\t\t<div class=\"elementor-widget-container\">\n\t\t\t\t\t<div class=\"elementor-spacer\">\n\t\t\t<div class=\"elementor-spacer-inner\"><\/div>\n\t\t<\/div>\n\t\t\t\t<\/div>\n\t\t\t\t<\/div>\n\t\t\t\t<div class=\"elementor-element elementor-element-44d7efd elementor-widget__width-initial elementor-widget-tablet__width-inherit elementor-widget elementor-widget-text-editor\" data-id=\"44d7efd\" data-element_type=\"widget\" data-widget_type=\"text-editor.default\">\n\t\t\t\t<div class=\"elementor-widget-container\">\n\t\t\t\t\t\t\t<p>Das Projekt MedEdu ist eine digitale Plattform, die Medizinern sowie medizinischem Fachpersonal einen einfachen Zugang zu hochqualitativen medizinischen Fortbildungsinhalten bieten soll.<\/p><p>Ob Pr\u00e4senzveranstaltung oder online, ob live oder aufgenommen &#8211; wir sind ihre kompetenten Partner wenn es darum geht die besten \u00c4rzte f\u00fcr unsere Zukunft auszubilden.<\/p><p>Sie haben eine Idee f\u00fcr eine medizinische Fortbildung und w\u00fcnschen Unterst\u00fctzung bei der Umsetzung? Dann sind sie hier richtig! Arthur und sein Team machen Ihre Idee zur Realit\u00e4t.<\/p>\t\t\t\t\t\t<\/div>\n\t\t\t\t<\/div>\n\t\t\t\t<div class=\"elementor-element elementor-element-602a046 aleft elementor-widget-icon-box wgl-icon-box elementor-widget elementor-widget-wgl-button\" data-id=\"602a046\" data-element_type=\"widget\" data-widget_type=\"wgl-button.default\">\n\t\t\t\t<div class=\"elementor-widget-container\">\n\t\t\t<a class=\"wgl-button btn-size-lg \" role=\"button\" href=\"mailto:hello@mededu.at\"><div class=\"button__content align-icon-left\"><div class=\"media-wrapper icon-wrapper\"><span class=\"wgl-icon\" ><i class=\"icon elementor-icon flaticon-right\" aria-hidden=\"true\"><\/i><\/span><\/div><span class=\"button__text\">Kontakt aufnehmen<\/span><\/div><\/a>\t\t<\/div>\n\t\t\t\t<\/div>\n\t\t\t\t\t<\/div>\n\t\t<\/div>\n\t\t\t\t<div class=\"elementor-column elementor-col-50 elementor-top-column elementor-element elementor-element-dd921e4\" data-id=\"dd921e4\" data-element_type=\"column\">\n\t\t\t<div class=\"elementor-widget-wrap elementor-element-populated\">\n\t\t\t\t\t\t<div class=\"elementor-element elementor-element-3799298 elementor-widget elementor-widget-image\" data-id=\"3799298\" data-element_type=\"widget\" data-widget_type=\"image.default\">\n\t\t\t\t<div class=\"elementor-widget-container\">\n\t\t\t\t\t\t\t\t\t\t\t\t\t<img fetchpriority=\"high\" decoding=\"async\" width=\"507\" height=\"507\" src=\"https:\/\/www.mededu.at\/wp-content\/uploads\/2024\/10\/Logo.jpg\" class=\"attachment-full size-full wp-image-7120\" alt=\"Logo von Med Edu: MedEdu - medizinische Fortbildung: von Mensch f\u00fcr Mensch\" srcset=\"https:\/\/www.mededu.at\/wp-content\/uploads\/2024\/10\/Logo.jpg 507w, https:\/\/www.mededu.at\/wp-content\/uploads\/2024\/10\/Logo-300x300.jpg 300w, https:\/\/www.mededu.at\/wp-content\/uploads\/2024\/10\/Logo-150x150.jpg 150w\" sizes=\"(max-width: 507px) 100vw, 507px\" \/>\t\t\t\t\t\t\t\t\t\t\t\t\t<\/div>\n\t\t\t\t<\/div>\n\t\t\t\t\t<\/div>\n\t\t<\/div>\n\t\t\t\t\t<\/div>\n\t\t<\/section>\n\t\t\t\t<section class=\"elementor-section elementor-top-section elementor-element elementor-element-56a6206 elementor-section-content-middle elementor-reverse-tablet elementor-reverse-mobile elementor-section-boxed elementor-section-height-default elementor-section-height-default\" data-id=\"56a6206\" data-element_type=\"section\">\n\t\t\t\t\t\t<div class=\"elementor-container elementor-column-gap-default\">\n\t\t\t\t\t<div class=\"elementor-column elementor-col-50 elementor-top-column elementor-element elementor-element-fe60d05\" data-id=\"fe60d05\" data-element_type=\"column\">\n\t\t\t<div class=\"elementor-widget-wrap elementor-element-populated\">\n\t\t\t\t\t\t<div class=\"elementor-element elementor-element-02554b3 elementor-widget elementor-widget-image\" data-id=\"02554b3\" data-element_type=\"widget\" data-widget_type=\"image.default\">\n\t\t\t\t<div class=\"elementor-widget-container\">\n\t\t\t\t\t\t\t\t\t\t\t\t\t<img decoding=\"async\" width=\"1080\" height=\"1080\" src=\"https:\/\/www.mededu.at\/wp-content\/uploads\/2024\/07\/3.png\" class=\"attachment-2048x2048 size-2048x2048 wp-image-3617\" alt=\"Arthur Kullnig\" srcset=\"https:\/\/www.mededu.at\/wp-content\/uploads\/2024\/07\/3.png 1080w, https:\/\/www.mededu.at\/wp-content\/uploads\/2024\/07\/3-540x540.png 540w, https:\/\/www.mededu.at\/wp-content\/uploads\/2024\/07\/3-240x240.png 240w, https:\/\/www.mededu.at\/wp-content\/uploads\/2024\/07\/3-300x300.png 300w, https:\/\/www.mededu.at\/wp-content\/uploads\/2024\/07\/3-1024x1024.png 1024w, https:\/\/www.mededu.at\/wp-content\/uploads\/2024\/07\/3-150x150.png 150w, https:\/\/www.mededu.at\/wp-content\/uploads\/2024\/07\/3-768x768.png 768w, https:\/\/www.mededu.at\/wp-content\/uploads\/2024\/07\/3-600x600.png 600w, https:\/\/www.mededu.at\/wp-content\/uploads\/2024\/07\/3-96x96.png 96w\" sizes=\"(max-width: 1080px) 100vw, 1080px\" \/>\t\t\t\t\t\t\t\t\t\t\t\t\t<\/div>\n\t\t\t\t<\/div>\n\t\t\t\t\t<\/div>\n\t\t<\/div>\n\t\t\t\t<div class=\"elementor-column elementor-col-50 elementor-top-column elementor-element elementor-element-d035831\" data-id=\"d035831\" data-element_type=\"column\">\n\t\t\t<div class=\"elementor-widget-wrap elementor-element-populated\">\n\t\t\t\t\t\t<div class=\"elementor-element elementor-element-b07c448 elementor-widget elementor-widget-spacer\" data-id=\"b07c448\" data-element_type=\"widget\" data-widget_type=\"spacer.default\">\n\t\t\t\t<div class=\"elementor-widget-container\">\n\t\t\t\t\t<div class=\"elementor-spacer\">\n\t\t\t<div class=\"elementor-spacer-inner\"><\/div>\n\t\t<\/div>\n\t\t\t\t<\/div>\n\t\t\t\t<\/div>\n\t\t\t\t<div class=\"elementor-element elementor-element-295ebf3 elementor-widget__width-initial elementor-widget-tablet__width-inherit aleft elementor-widget elementor-widget-wgl-double-heading\" data-id=\"295ebf3\" data-element_type=\"widget\" data-widget_type=\"wgl-double-heading.default\">\n\t\t\t\t<div class=\"elementor-widget-container\">\n\t\t\t<div class=\"wgl-double-heading\"><div class=\"dblh__subtitle\">Tel: +43 699 12 35 00 55<br><br>Email: ak@itzone.at<\/div><div class=\"dblh__wrapper\"><h3 class=\"dblh__title-wrapper\"><span class=\"dblh__title dblh__title-1\">DI(FH) Arthur Kullnig<\/span><\/h3><\/div><\/div>\t\t<\/div>\n\t\t\t\t<\/div>\n\t\t\t\t<div class=\"elementor-element elementor-element-ee479df elementor-widget__width-initial elementor-widget-tablet__width-inherit elementor-widget elementor-widget-text-editor\" data-id=\"ee479df\" data-element_type=\"widget\" data-widget_type=\"text-editor.default\">\n\t\t\t\t<div class=\"elementor-widget-container\">\n\t\t\t\t\t\t\t<p>Medizinischen Veranstaltungen auf h\u00f6chstem digitalen Niveau ohne den menschlichen Faktor zu verlieren &#8211; das ist seit 20 Jahren Arthur\u00b4s Leidenschaft.<\/p><p>Als Vorreiter des E-Learning hat er schon w\u00e4hrend seines Studiums seine Firma ITZone gegr\u00fcndet und digitalisiert seither gro\u00dfe medizinische Konferenzen ( z.B. <a href=\"https:\/\/www.stafam.at\/\">Kongress f\u00fcr Allgemeinmedizin<\/a>), mittelgro\u00dfe Events (z.B. <a href=\"https:\/\/www.advancedmri.eu\/\">Advanced MRI &#8220;From Head to toe&#8221;<\/a> ) sowie kleinere medizinische Veranstaltungen (z.B. RadEdu &#8211; Bildgebende Diagnistok in der Medizin) um medizinischem Fachpersonal den Zugang zu DFP Fortbildungspunkten zu vereinfachen.<\/p>\t\t\t\t\t\t<\/div>\n\t\t\t\t<\/div>\n\t\t\t\t<div class=\"elementor-element elementor-element-e274aa4 aleft elementor-widget-icon-box wgl-icon-box elementor-widget elementor-widget-wgl-button\" data-id=\"e274aa4\" data-element_type=\"widget\" data-widget_type=\"wgl-button.default\">\n\t\t\t\t<div class=\"elementor-widget-container\">\n\t\t\t<a class=\"wgl-button btn-size-lg \" role=\"button\" href=\"mailto:hello@mededu.at\"><div class=\"button__content align-icon-left\"><div class=\"media-wrapper icon-wrapper\"><span class=\"wgl-icon\" ><i class=\"icon elementor-icon flaticon-right\" aria-hidden=\"true\"><\/i><\/span><\/div><span class=\"button__text\">Kontakt aufnehmen<\/span><\/div><\/a>\t\t<\/div>\n\t\t\t\t<\/div>\n\t\t\t\t\t<\/div>\n\t\t<\/div>\n\t\t\t\t\t<\/div>\n\t\t<\/section>\n\t\t<div class=\"elementor-element elementor-element-3aaee60 e-flex e-con-boxed e-con e-parent\" data-id=\"3aaee60\" data-element_type=\"container\">\n\t\t\t\t\t<div class=\"e-con-inner\">\n\t\t\t\t<div class=\"elementor-element elementor-element-e0d9d2b elementor-widget elementor-widget-spacer\" data-id=\"e0d9d2b\" data-element_type=\"widget\" data-widget_type=\"spacer.default\">\n\t\t\t\t<div class=\"elementor-widget-container\">\n\t\t\t\t\t<div class=\"elementor-spacer\">\n\t\t\t<div class=\"elementor-spacer-inner\"><\/div>\n\t\t<\/div>\n\t\t\t\t<\/div>\n\t\t\t\t<\/div>\n\t\t\t\t\t<\/div>\n\t\t\t\t<\/div>\n\t\t\t\t<section class=\"elementor-section elementor-top-section elementor-element elementor-element-a158f23 elementor-hidden-desktop elementor-hidden-tablet elementor-hidden-mobile elementor-section-boxed elementor-section-height-default elementor-section-height-default\" data-id=\"a158f23\" data-element_type=\"section\" data-settings=\"{&quot;background_background&quot;:&quot;classic&quot;}\">\n\t\t\t\t\t\t<div class=\"elementor-container elementor-column-gap-default\">\n\t\t\t\t\t<div class=\"elementor-column elementor-col-100 elementor-top-column elementor-element elementor-element-86ba82a\" data-id=\"86ba82a\" data-element_type=\"column\">\n\t\t\t<div class=\"elementor-widget-wrap elementor-element-populated\">\n\t\t\t\t\t\t<div class=\"elementor-element elementor-element-e266700 elementor-widget elementor-widget-spacer\" data-id=\"e266700\" data-element_type=\"widget\" data-widget_type=\"spacer.default\">\n\t\t\t\t<div class=\"elementor-widget-container\">\n\t\t\t\t\t<div class=\"elementor-spacer\">\n\t\t\t<div class=\"elementor-spacer-inner\"><\/div>\n\t\t<\/div>\n\t\t\t\t<\/div>\n\t\t\t\t<\/div>\n\t\t\t\t<div class=\"elementor-element elementor-element-a8e287a elementor-widget elementor-widget-spacer\" data-id=\"a8e287a\" data-element_type=\"widget\" data-widget_type=\"spacer.default\">\n\t\t\t\t<div class=\"elementor-widget-container\">\n\t\t\t\t\t<div class=\"elementor-spacer\">\n\t\t\t<div class=\"elementor-spacer-inner\"><\/div>\n\t\t<\/div>\n\t\t\t\t<\/div>\n\t\t\t\t<\/div>\n\t\t\t\t<div class=\"elementor-element elementor-element-5d18349 divider-yes aleft elementor-widget elementor-widget-wgl-double-heading\" data-id=\"5d18349\" data-element_type=\"widget\" data-widget_type=\"wgl-double-heading.default\">\n\t\t\t\t<div class=\"elementor-widget-container\">\n\t\t\t<div class=\"wgl-double-heading\"><div class=\"dblh__subtitle\">25 Jahre Erfahrung<\/div><div class=\"dblh__wrapper\"><h3 class=\"dblh__title-wrapper\"><span class=\"dblh__title dblh__title-1\">Unsere Veranstaltungen<\/span><\/h3><\/div><\/div>\t\t<\/div>\n\t\t\t\t<\/div>\n\t\t\t\t<div class=\"elementor-element elementor-element-3adeec2 elementor-widget elementor-widget-wgl-cases\" data-id=\"3adeec2\" data-element_type=\"widget\" data-widget_type=\"wgl-cases.default\">\n\t\t\t\t<div class=\"elementor-widget-container\">\n\t\t\t<div class=\"wgl-cases\" data-carousel=\"yes\"><div class=\"wgl-carousel_wrapper navigation-position-nearby\"><div class=\"wgl-carousel swiper wgl-carousel_swiper swiper-container \" data-swiper='{\"mousewheel\":false,\"speed\":400,\"infinite\":false,\"variableWidth\":false,\"autoplay\":false,\"autoplaySpeed\":null,\"autoplayPause\":true,\"autoplayReverse\":false,\"watchOverflow\":true,\"arrows\":true,\"dots\":false,\"adaptiveHeight\":false,\"direction\":\"horizontal\",\"responsive\":[{\"breakpoint\":1601,\"slidesToShow\":\"4\",\"slidesToScroll\":1},{\"breakpoint\":1201,\"slidesToShow\":\"4\",\"slidesToScroll\":1},{\"breakpoint\":768,\"slidesToShow\":\"2\",\"slidesToScroll\":1},{\"breakpoint\":280,\"slidesToShow\":\"1\",\"slidesToScroll\":1}]}' data-item-carousel='wgl_carousel_69e643ff02e6e'><div class=\"swiper-wrapper\"><div class=\"case_item elementor-repeater-item-b02e85f swiper-slide\"><div class=\"case_item__inner_wrapper\"><div class=\"image_wrapper\"><div class=\"media-wrapper img-wrapper\"><figure class=\"wgl-image-box_img\"><span ><img decoding=\"async\" src=\"https:\/\/www.mededu.at\/wp-content\/uploads\/2023\/06\/case-1.jpg\" title=\"case-1\" alt=\"\" loading=\"lazy\" \/><\/span><\/figure><\/div><\/div><div class=\"case_title__wrapper\"><h3 class=\"case_title\"><span>KI-Med: die virtuelle KI Konferenz f\u00fcr Mediziner<\/span><\/h3><\/div><div class=\"case_button__wrapper\"><div  class=\"wgl-cases__button button-read-more \"><i class=\"flaticon flaticon-right read-more-icon\"><\/i><span>Mehr Infos<\/span><\/div><\/div><\/div><\/div><div class=\"case_item elementor-repeater-item-90c27b2 swiper-slide\"><div class=\"case_item__inner_wrapper\"><a class=\"wgl-cases__link\" href=\"https:\/\/mededu.at\/contacts\/\"><\/a><div class=\"image_wrapper\"><div class=\"media-wrapper img-wrapper\"><figure class=\"wgl-image-box_img\"><span ><img decoding=\"async\" src=\"https:\/\/www.mededu.at\/wp-content\/uploads\/2023\/06\/case-2.jpg\" title=\"case-2\" alt=\"\" loading=\"lazy\" \/><\/span><\/figure><\/div><\/div><div class=\"case_title__wrapper\"><h3 class=\"case_title\"><span>RadEdu: bildgebende Diagnostik in der Medizin<\/span><\/h3><\/div><div class=\"case_button__wrapper\"><div  class=\"wgl-cases__button button-read-more \"><i class=\"flaticon flaticon-right read-more-icon\"><\/i><span>Mehr Infos<\/span><\/div><\/div><\/div><\/div><div class=\"case_item elementor-repeater-item-e926fe0 swiper-slide\"><div class=\"case_item__inner_wrapper\"><div class=\"image_wrapper\"><div class=\"media-wrapper img-wrapper\"><figure class=\"wgl-image-box_img\"><span ><img decoding=\"async\" src=\"https:\/\/www.mededu.at\/wp-content\/uploads\/2023\/06\/case-3.jpg\" title=\"case-3\" alt=\"\" loading=\"lazy\" \/><\/span><\/figure><\/div><\/div><div class=\"case_title__wrapper\"><h3 class=\"case_title\"><span>Advanced MRI - from Head to Toe<\/span><\/h3><\/div><div class=\"case_button__wrapper\"><div  class=\"wgl-cases__button button-read-more \"><i class=\"flaticon flaticon-right read-more-icon\"><\/i><span>Mehr Informationen<\/span><\/div><\/div><\/div><\/div><\/div><\/div><div class=\"wgl-navigation_wrapper\"><button class=\"elementor-swiper-button elementor-swiper-button-prev\" data-carousel=\"wgl_carousel_69e643ff02e6e\"><span class=\"title\">PREV<\/span><i class=\"flaticon flaticon-right\"><\/i><\/button><button class=\"elementor-swiper-button elementor-swiper-button-next\" data-carousel=\"wgl_carousel_69e643ff02e6e\"><span class=\"title\">NEXT<\/span><i class=\"flaticon flaticon-right\"><\/i><\/button><\/div><\/div><\/div>\t\t<\/div>\n\t\t\t\t<\/div>\n\t\t\t\t<div class=\"elementor-element elementor-element-f714ad3 elementor-widget elementor-widget-spacer\" data-id=\"f714ad3\" data-element_type=\"widget\" data-widget_type=\"spacer.default\">\n\t\t\t\t<div class=\"elementor-widget-container\">\n\t\t\t\t\t<div class=\"elementor-spacer\">\n\t\t\t<div class=\"elementor-spacer-inner\"><\/div>\n\t\t<\/div>\n\t\t\t\t<\/div>\n\t\t\t\t<\/div>\n\t\t\t\t\t<\/div>\n\t\t<\/div>\n\t\t\t\t\t<\/div>\n\t\t<\/section>\n\t\t\t\t<\/div>\n\t\t","protected":false},"excerpt":{"rendered":"<p>Erfahren Sie mehr \u00fcber uns &#8211; ihr MedEdu Team! Medizinische Fortbildung auf h\u00f6chstem Niveau MedEdu &#8211; medizinische Fortbildung: von Mensch f\u00fcr Mensch Das Projekt MedEdu ist eine digitale Plattform, die Medizinern sowie medizinischem Fachpersonal einen einfachen Zugang zu hochqualitativen medizinischen Fortbildungsinhalten bieten soll. Ob Pr\u00e4senzveranstaltung oder online, ob live oder aufgenommen &#8211; wir sind ihre [&hellip;]<\/p>\n","protected":false},"author":1,"featured_media":0,"parent":0,"menu_order":0,"comment_status":"closed","ping_status":"closed","template":"","meta":{"footnotes":""},"class_list":["post-4112","page","type-page","status-publish","hentry"],"yoast_head":"<!-- This site is optimized with the Yoast SEO plugin v23.7 - https:\/\/yoast.com\/wordpress\/plugins\/seo\/ -->\n<title>MEDEDU - \u00dcber uns - MedEdu<\/title>\n<meta name=\"description\" content=\"Erfahren Sie hier mehr \u00fcber uns als Organisatiosnteam des Projekts MedEdu und der virtuellen Konferenz KI-Med.\" \/>\n<meta name=\"robots\" content=\"index, follow, max-snippet:-1, max-image-preview:large, max-video-preview:-1\" \/>\n<link rel=\"canonical\" href=\"https:\/\/www.mededu.at\/ki-med\/ueber-uns\/\" \/>\n<meta property=\"og:locale\" content=\"de_DE\" \/>\n<meta property=\"og:type\" content=\"article\" \/>\n<meta property=\"og:title\" content=\"MEDEDU - \u00dcber uns - MedEdu\" \/>\n<meta property=\"og:description\" content=\"Erfahren Sie hier mehr \u00fcber uns als Organisatiosnteam des Projekts MedEdu und der virtuellen Konferenz KI-Med.\" \/>\n<meta property=\"og:url\" content=\"https:\/\/www.mededu.at\/ki-med\/ueber-uns\/\" \/>\n<meta property=\"og:site_name\" content=\"MedEdu\" \/>\n<meta property=\"article:modified_time\" content=\"2024-10-28T13:53:50+00:00\" \/>\n<meta property=\"og:image\" content=\"https:\/\/www.mededu.at\/wp-content\/uploads\/2023\/10\/h6-3.jpg\" \/>\n<meta name=\"twitter:card\" content=\"summary_large_image\" \/>\n<meta name=\"twitter:label1\" content=\"Gesch\u00e4tzte Lesezeit\" \/>\n\t<meta name=\"twitter:data1\" content=\"1\u00a0Minute\" \/>\n<script type=\"application\/ld+json\" class=\"yoast-schema-graph\">{\"@context\":\"https:\/\/schema.org\",\"@graph\":[{\"@type\":\"WebPage\",\"@id\":\"https:\/\/www.mededu.at\/ki-med\/ueber-uns\/\",\"url\":\"https:\/\/www.mededu.at\/ki-med\/ueber-uns\/\",\"name\":\"MEDEDU - \u00dcber uns - MedEdu\",\"isPartOf\":{\"@id\":\"https:\/\/www.mededu.at\/ki-med\/#website\"},\"primaryImageOfPage\":{\"@id\":\"https:\/\/www.mededu.at\/ki-med\/ueber-uns\/#primaryimage\"},\"image\":{\"@id\":\"https:\/\/www.mededu.at\/ki-med\/ueber-uns\/#primaryimage\"},\"thumbnailUrl\":\"https:\/\/www.mededu.at\/wp-content\/uploads\/2024\/10\/Logo.jpg\",\"datePublished\":\"2024-08-06T06:53:53+00:00\",\"dateModified\":\"2024-10-28T13:53:50+00:00\",\"description\":\"Erfahren Sie hier mehr \u00fcber uns als Organisatiosnteam des Projekts MedEdu und der virtuellen Konferenz KI-Med.\",\"breadcrumb\":{\"@id\":\"https:\/\/www.mededu.at\/ki-med\/ueber-uns\/#breadcrumb\"},\"inLanguage\":\"de\",\"potentialAction\":[{\"@type\":\"ReadAction\",\"target\":[\"https:\/\/www.mededu.at\/ki-med\/ueber-uns\/\"]}]},{\"@type\":\"ImageObject\",\"inLanguage\":\"de\",\"@id\":\"https:\/\/www.mededu.at\/ki-med\/ueber-uns\/#primaryimage\",\"url\":\"https:\/\/www.mededu.at\/wp-content\/uploads\/2024\/10\/Logo.jpg\",\"contentUrl\":\"https:\/\/www.mededu.at\/wp-content\/uploads\/2024\/10\/Logo.jpg\"},{\"@type\":\"BreadcrumbList\",\"@id\":\"https:\/\/www.mededu.at\/ki-med\/ueber-uns\/#breadcrumb\",\"itemListElement\":[{\"@type\":\"ListItem\",\"position\":1,\"name\":\"Home\",\"item\":\"https:\/\/www.mededu.at\/ki-med\/\"},{\"@type\":\"ListItem\",\"position\":2,\"name\":\"MEDEDU &#8211; \u00dcber uns\"}]},{\"@type\":\"WebSite\",\"@id\":\"https:\/\/www.mededu.at\/ki-med\/#website\",\"url\":\"https:\/\/www.mededu.at\/ki-med\/\",\"name\":\"MedEdu\",\"description\":\"Digitale Fortbildung in der Medizin\",\"publisher\":{\"@id\":\"https:\/\/www.mededu.at\/ki-med\/#organization\"},\"potentialAction\":[{\"@type\":\"SearchAction\",\"target\":{\"@type\":\"EntryPoint\",\"urlTemplate\":\"https:\/\/www.mededu.at\/ki-med\/?s={search_term_string}\"},\"query-input\":{\"@type\":\"PropertyValueSpecification\",\"valueRequired\":true,\"valueName\":\"search_term_string\"}}],\"inLanguage\":\"de\"},{\"@type\":\"Organization\",\"@id\":\"https:\/\/www.mededu.at\/ki-med\/#organization\",\"name\":\"MedEdu\",\"url\":\"https:\/\/www.mededu.at\/ki-med\/\",\"logo\":{\"@type\":\"ImageObject\",\"inLanguage\":\"de\",\"@id\":\"https:\/\/www.mededu.at\/ki-med\/#\/schema\/logo\/image\/\",\"url\":\"https:\/\/www.mededu.at\/wp-content\/uploads\/2023\/05\/Logo-1.png\",\"contentUrl\":\"https:\/\/www.mededu.at\/wp-content\/uploads\/2023\/05\/Logo-1.png\",\"width\":756,\"height\":713,\"caption\":\"MedEdu\"},\"image\":{\"@id\":\"https:\/\/www.mededu.at\/ki-med\/#\/schema\/logo\/image\/\"}}]}<\/script>\n<!-- \/ Yoast SEO plugin. -->","yoast_head_json":{"title":"MEDEDU - \u00dcber uns - MedEdu","description":"Erfahren Sie hier mehr \u00fcber uns als Organisatiosnteam des Projekts MedEdu und der virtuellen Konferenz KI-Med.","robots":{"index":"index","follow":"follow","max-snippet":"max-snippet:-1","max-image-preview":"max-image-preview:large","max-video-preview":"max-video-preview:-1"},"canonical":"https:\/\/www.mededu.at\/ki-med\/ueber-uns\/","og_locale":"de_DE","og_type":"article","og_title":"MEDEDU - \u00dcber uns - MedEdu","og_description":"Erfahren Sie hier mehr \u00fcber uns als Organisatiosnteam des Projekts MedEdu und der virtuellen Konferenz KI-Med.","og_url":"https:\/\/www.mededu.at\/ki-med\/ueber-uns\/","og_site_name":"MedEdu","article_modified_time":"2024-10-28T13:53:50+00:00","og_image":[{"url":"https:\/\/www.mededu.at\/wp-content\/uploads\/2023\/10\/h6-3.jpg"}],"twitter_card":"summary_large_image","twitter_misc":{"Gesch\u00e4tzte Lesezeit":"1\u00a0Minute"},"schema":{"@context":"https:\/\/schema.org","@graph":[{"@type":"WebPage","@id":"https:\/\/www.mededu.at\/ki-med\/ueber-uns\/","url":"https:\/\/www.mededu.at\/ki-med\/ueber-uns\/","name":"MEDEDU - \u00dcber uns - MedEdu","isPartOf":{"@id":"https:\/\/www.mededu.at\/ki-med\/#website"},"primaryImageOfPage":{"@id":"https:\/\/www.mededu.at\/ki-med\/ueber-uns\/#primaryimage"},"image":{"@id":"https:\/\/www.mededu.at\/ki-med\/ueber-uns\/#primaryimage"},"thumbnailUrl":"https:\/\/www.mededu.at\/wp-content\/uploads\/2024\/10\/Logo.jpg","datePublished":"2024-08-06T06:53:53+00:00","dateModified":"2024-10-28T13:53:50+00:00","description":"Erfahren Sie hier mehr \u00fcber uns als Organisatiosnteam des Projekts MedEdu und der virtuellen Konferenz KI-Med.","breadcrumb":{"@id":"https:\/\/www.mededu.at\/ki-med\/ueber-uns\/#breadcrumb"},"inLanguage":"de","potentialAction":[{"@type":"ReadAction","target":["https:\/\/www.mededu.at\/ki-med\/ueber-uns\/"]}]},{"@type":"ImageObject","inLanguage":"de","@id":"https:\/\/www.mededu.at\/ki-med\/ueber-uns\/#primaryimage","url":"https:\/\/www.mededu.at\/wp-content\/uploads\/2024\/10\/Logo.jpg","contentUrl":"https:\/\/www.mededu.at\/wp-content\/uploads\/2024\/10\/Logo.jpg"},{"@type":"BreadcrumbList","@id":"https:\/\/www.mededu.at\/ki-med\/ueber-uns\/#breadcrumb","itemListElement":[{"@type":"ListItem","position":1,"name":"Home","item":"https:\/\/www.mededu.at\/ki-med\/"},{"@type":"ListItem","position":2,"name":"MEDEDU &#8211; \u00dcber uns"}]},{"@type":"WebSite","@id":"https:\/\/www.mededu.at\/ki-med\/#website","url":"https:\/\/www.mededu.at\/ki-med\/","name":"MedEdu","description":"Digitale Fortbildung in der Medizin","publisher":{"@id":"https:\/\/www.mededu.at\/ki-med\/#organization"},"potentialAction":[{"@type":"SearchAction","target":{"@type":"EntryPoint","urlTemplate":"https:\/\/www.mededu.at\/ki-med\/?s={search_term_string}"},"query-input":{"@type":"PropertyValueSpecification","valueRequired":true,"valueName":"search_term_string"}}],"inLanguage":"de"},{"@type":"Organization","@id":"https:\/\/www.mededu.at\/ki-med\/#organization","name":"MedEdu","url":"https:\/\/www.mededu.at\/ki-med\/","logo":{"@type":"ImageObject","inLanguage":"de","@id":"https:\/\/www.mededu.at\/ki-med\/#\/schema\/logo\/image\/","url":"https:\/\/www.mededu.at\/wp-content\/uploads\/2023\/05\/Logo-1.png","contentUrl":"https:\/\/www.mededu.at\/wp-content\/uploads\/2023\/05\/Logo-1.png","width":756,"height":713,"caption":"MedEdu"},"image":{"@id":"https:\/\/www.mededu.at\/ki-med\/#\/schema\/logo\/image\/"}}]}},"_links":{"self":[{"href":"https:\/\/www.mededu.at\/ki-med\/wp-json\/wp\/v2\/pages\/4112","targetHints":{"allow":["GET"]}}],"collection":[{"href":"https:\/\/www.mededu.at\/ki-med\/wp-json\/wp\/v2\/pages"}],"about":[{"href":"https:\/\/www.mededu.at\/ki-med\/wp-json\/wp\/v2\/types\/page"}],"author":[{"embeddable":true,"href":"https:\/\/www.mededu.at\/ki-med\/wp-json\/wp\/v2\/users\/1"}],"replies":[{"embeddable":true,"href":"https:\/\/www.mededu.at\/ki-med\/wp-json\/wp\/v2\/comments?post=4112"}],"version-history":[{"count":157,"href":"https:\/\/www.mededu.at\/ki-med\/wp-json\/wp\/v2\/pages\/4112\/revisions"}],"predecessor-version":[{"id":7123,"href":"https:\/\/www.mededu.at\/ki-med\/wp-json\/wp\/v2\/pages\/4112\/revisions\/7123"}],"wp:attachment":[{"href":"https:\/\/www.mededu.at\/ki-med\/wp-json\/wp\/v2\/media?parent=4112"}],"curies":[{"name":"wp","href":"https:\/\/api.w.org\/{rel}","templated":true}]}}