{"id":3998,"date":"2024-08-05T09:46:33","date_gmt":"2024-08-05T09:46:33","guid":{"rendered":"https:\/\/www.mededu.at\/?page_id=3998"},"modified":"2024-10-28T13:51:52","modified_gmt":"2024-10-28T13:51:52","slug":"datenschutzerklaerung","status":"publish","type":"page","link":"https:\/\/www.mededu.at\/ki-med\/datenschutzerklaerung\/","title":{"rendered":"Datenschutzerkl\u00e4rung"},"content":{"rendered":"\t\t<div data-elementor-type=\"wp-page\" data-elementor-id=\"3998\" class=\"elementor elementor-3998\" data-elementor-post-type=\"page\">\n\t\t\t\t<div class=\"elementor-element elementor-element-2e8711d4 e-con-full e-flex e-con e-parent\" data-id=\"2e8711d4\" data-element_type=\"container\">\n\t\t\t\t<div class=\"elementor-element elementor-element-47c115f7 elementor-widget elementor-widget-text-editor\" data-id=\"47c115f7\" data-element_type=\"widget\" data-widget_type=\"text-editor.default\">\n\t\t\t\t<div class=\"elementor-widget-container\">\n\t\t\t\t\t\t\t<h6><b>\u00a7 1 Allgemeine Informationen \u00fcber die Verarbeitung von personenbezogenen Daten<\/b><\/h6>\n<p>\u00a0<\/p>\n<ul>\n<li aria-level=\"1\"><span>Im Rahmen der Nutzung unserer Website bzw. unserer damit angebotenen Dienste kann es zur Verarbeitung von personenbezogenen Daten kommen. Personenbezoge-ne Daten sind alle Informationen bzw. Daten, die auf Sie pers\u00f6nlich beziehbar sind (z.B. Name, Geburtsdatum, Kontaktadressen, etc.). Eine Verarbeitung personenbezo-gener Daten erfolgt nur unter Beachtung der gesetzlichen Bestimmungen (DSGVO, Datenschutzanpassungsgesetz 2018, DSG, TKG 2003). Mit dieser Datenschutzinfor-mation m\u00f6chten wir Ihnen s\u00e4mtliche erforderlichen Informationen im Sinne von Art 13ff DSGVO erteilen.<\/span><\/li>\n<li aria-level=\"1\"><span>Verantwortlicher gem\u00e4\u00df Art. 4 Abs. 7 DSGVO f\u00fcr die Einhaltung der Bestimmungen der DSGVO und ihren damit verbundenen Rechten ist: ITZONE Arthur Kullnig KG, Mariatrosterstrasse 87a, 8043 Graz, \u00d6sterreich, Tel: +43 699 123 500 55. Als Verantwortlicher haben wir s\u00e4mtliche technischen und organisatorischen Ma\u00dfnahmen ergriffen, damit wir personenbezogenen Daten von Ihnen, die durch uns verarbeitet werden, sch\u00fctzen.<\/span><\/li>\n<li aria-level=\"1\"><span>Sollten Sie mit uns per E-Mail oder \u00fcber ein Kontaktformular oder auf sonstigem Kommunikationswege Kontakt aufnehmen, werden Ihre angegebenen Daten von uns zu Bearbeitungszwecken und zwar zur Beantwortung von Anfragen, \u00dcbermittlung von Angeboten, zur sp\u00e4teren Vertragsabwicklung, zur Durchf\u00fchrung von vor-vertraglichen Ma\u00dfnahmen, zur Vertragserf\u00fcllung, etc. gespeichert bzw. verarbeitet. Eine Verarbeitung und Speicherung von personenbezogenen Daten erfolgt auch dann, wenn Sie die von uns angebotenen Leistungen in Anspruch nehmen m\u00f6chten, somit aus vertraglichen Gr\u00fcnden oder dann, wenn ein berechtigtes Interesse vorliegt.<\/span><\/li>\n<li aria-level=\"1\"><span>Die von uns gespeicherten bzw. verarbeiteten personenbezogenen Daten l\u00f6schen wir, soweit die Speicherung zur Erf\u00fcllung unserer vorvertraglichen bzw. vertraglichen Pflichten nicht mehr notwendig bzw. der Verarbeitungszweck weggefallen ist und sofern nicht gesetzliche Aufbewahrungspflichten einer L\u00f6schung entgegenstehen.<\/span><\/li>\n<\/ul>\n<p>\u00a0<\/p>\n<h6><b>\u00a7 2 Ihre Datenschutzrechte<\/b><\/h6>\n<p>\u00a0<\/p>\n<ul>\n<li aria-level=\"1\"><span>Als von der Datenerhebung und Datenverarbeitung betroffene Person im Sinne der DSGVO haben Sie das Recht auf Auskunft, L\u00f6schung, Einschr\u00e4nkung, Berichtigung, Datenminimierung und Daten\u00fcbertragbarkeit sowie Widerspruch.<\/span><\/li>\n<li aria-level=\"1\"><span>Zur Aus\u00fcbung Ihrer Rechte wenden Sie sich bitte an den unter \u00a7 1 angef\u00fchrten Verantwortlichen. Dieser steht Ihnen auch f\u00fcr R\u00fcckfragen und weitergehende Erkl\u00e4rungen zur Verf\u00fcgung.<\/span><\/li>\n<li aria-level=\"1\"><span>Sollten Sie der Annahme sein, dass eine Datenschutzverletzung unsererseits erfolgt ist, k\u00f6nnen Sie sich bei der Datenschutzbeh\u00f6rde\/Aufsichtsbeh\u00f6rde beschweren.<\/span><\/li>\n<\/ul>\n<p>\u00a0<\/p>\n<h6><b>\u00a7 3 Automatisierte Erhebung personenbezogener Daten durch Abrufen unserer Website<\/b><\/h6>\n<p>\u00a0<\/p>\n<ul>\n<li aria-level=\"1\"><span>Im Zuge des Abrufens und Besuches unserer Website werden jene personenbezogenen Daten von Ihnen verarbeitet, die Ihr Browser an unseren Server \u00fcbermittelt. Es handelt sich dabei um folgende Daten: IP-Adresse, HTTP-Statuscode, Da-tum\/Uhrzeit\/Anzahl der Anfragen, Browser, Betriebssystem, Sprache und Version der Browsersoftware, Anforderungsinformationen.<\/span><\/li>\n<li aria-level=\"1\"><span>Die Datenerhebung erfolgt aus technischen Gr\u00fcnden, damit Sie unsere Website uneingeschr\u00e4nkt betrachten k\u00f6nnen.<\/span><\/li>\n<\/ul>\n<p>\u00a0<\/p>\n<h6><b>\u00a7 4 Cookies<\/b><\/h6>\n<p>\u00a0<\/p>\n<ul>\n<li aria-level=\"1\"><span>Unsere Website verwendet sogenannte Cookies. Es handelt sich dabei um kleine Textdateien, die mit Hilfe Ihres Browsers auf Ihrem Endger\u00e4t gespeichert werden. Die Verwendung der Cookies hat den Zweck, dass uns bestimmte Informationen zuflie\u00dfen und Ihr Browser von uns beim n\u00e4chsten Besuch unserer Website wiedererkannt werden kann. Cookies dienen insbesondere dazu, das Internetangebot freundlicher und effektiver zu gestalten. Sie richten keinen Schaden an und k\u00f6nnen auf Ihre Pro-gramme nicht zugreifen.<\/span><\/li>\n<li aria-level=\"1\"><span>Sollten Sie mit der Nutzung von Cookies nicht einverstanden sein, k\u00f6nnen Sie diese Funktion in Ihren Browser-Einstellungen ablehnen bzw. deaktivieren.<\/span><\/li>\n<\/ul>\n<p>\u00a0<\/p>\n<h6><b>\u00a7 5 Matomo<\/b><\/h6>\n<p>\u00a0<\/p>\n<ul>\n<li aria-level=\"1\"><span>Auf dieser Website werden unter Einsatz der Webanalysedienst-Software Matomo (<\/span><a href=\"https:\/\/www.matomo.org\"><span>www.matomo.org<\/span><\/a><span>), einem Dienst des Anbieters InnoCraft Ltd., 150 Willis St, 6011 Wellington, Neuseeland, (\u201eMataomo\u201c) auf Basis unseres berechtigten Interesses an der statistischen Analyse des Nutzerverhaltens zu Optimierungs- und Marketingzwecken gem\u00e4\u00df Art. 6 Abs. 1 lit. f DSGVO Daten gesammelt und gespeichert. Aus diesen Daten k\u00f6nnen zum selben Zweck pseudonymisierte Nutzungsprofile erstellt und ausgewertet werden. Hierzu k\u00f6nnen Cookies eingesetzt werden. Bei Cookies handelt es sich um kleine Textdateien, die lokal im Zwischenspeicher des Internet-Browsers des Seitenbesuchers gespeichert werden. Die Cookies erm\u00f6glichen unter anderem die Wiedererkennung des Internet-Browsers. Die mit der Matomo-Technologie erhobenen Daten (einschlie\u00dflich Ihrer pseudonymisierten IP-Adresse) werden auf unseren Servern verarbeitet.<\/span><\/li>\n<li aria-level=\"1\"><span>Die durch das Cookie erzeugten Informationen im pseudonymen Nutzerprofil werden nicht dazu benutzt, den Besucher dieser Website pers\u00f6nlich zu identifizieren und nicht mit personenbezogenen Daten \u00fcber den Tr\u00e4ger des Pseudonyms zusammengef\u00fchrt.<\/span><\/li>\n<li aria-level=\"1\"><span>Wenn Sie mit der Speicherung und Auswertung dieser Daten aus Ihrem Besuch nicht einverstanden sind, dann k\u00f6nnen Sie der Speicherung und Nutzung nachfolgend per Mausklick jederzeit widersprechen. In diesem Fall wird in Ihrem Browser ein sog. Opt-Out-Cookie abgelegt, was zur Folge hat, dass Matomo keinerlei Sitzungsdaten erhebt. Bitte beachten Sie, dass die vollst\u00e4ndige L\u00f6schung Ihrer Cookies zur Folge hat, dass auch das Opt-Out-Cookie gel\u00f6scht wird und ggf. von Ihnen erneut aktiviert werden muss. Opt-Out-iFrame:<\/span><span><br \/><br \/><\/span><\/li>\n<\/ul>\n<h6><b>\u00a7 6 Mandrill<\/b><\/h6>\n<p>\u00a0<\/p>\n<ul>\n<li><span>F\u00fcr den Versand von Kontaktanfragen bedienen wir uns zudem eines Add-ons von Mailchimp mit der Bezeichnung Mandrill. Auch dies ist ein Angebot der The Rocket Science Group, LLC, 512 Means Street, Suite 404 Atlanta, GA 30318 (\u201eMandrill\u201c). Dieser Dienst erm\u00f6glicht uns den Versand von Emails. Der Dienst verwaltet Daten dar\u00fcber, wann eine E-Mail die wir verschickt haben gelesen wurde, oder darin enthaltene Links ge\u00f6ffnet wurden. Wie auch im Fall von Mailchimp gilt, dass Mandrill seinen Sitz in den USA hat. Ihre personenbezogenen Daten werden also in ein Land au\u00dferhalb des Europ\u00e4ischen Wirtschaftsraumes \u00fcbertragen, in dem nicht dasselbe Schutzniveau f\u00fcr personenbezogene Daten existiert, wie innerhalb des Europ\u00e4ischen Wirtschaftsraumes. Aus diesem Grund haben wir mit The Rocket Science Group, LLC eine vertragliche Vereinbarung (sog. EU Standardvertragsklauseln) getroffen, durch die sich Mandrill verpflichtet, personenbezogene Daten der Emailabsender besonders zu sch\u00fctzen und die personenbezogenen Daten nur in unserem Auftrag und auf unsere Weisungen hin zu verarbeiten. Weitere Informationen zu Mandrill und dem Datenschutz bei Mandrill finden Sie in der Datenschutzerkl\u00e4rung von Mailchimp:<\/span><a href=\"https:\/\/mailchimp.com\/legal\/privacy\/\"> <span>https:\/\/mailchimp.com\/legal\/privacy\/<\/span><\/a><\/li>\n<\/ul>\n<p>\u00a0<\/p>\n<h6><b>\u00a7 7 Vimeo<\/b><\/h6>\n<p>\u00a0<\/p>\n<ul>\n<li aria-level=\"1\"><span>Auf unserer Seite verwenden wir Videos von Vimeo, um Medizinern Lehrinhalte bereitzustellen. Da es nicht m\u00f6glich ist, die Videos lokal auf unserem Server zu hosten, nutzen wir das Angebot von Vimeo, einem Drittanbieter. Technisch bedingt kommt es durch die Einbindung von Vimeo Videos zu Aufrufen der Server von Vimeo. An den Vimeo-Server werden dabei Daten Ihres Browsers bzw. Ihres Endger\u00e4tes \u00fcbermittelt. Es wird dabei auch \u00fcbermittelt, welche unserer Internetseiten Sie besucht haben.<\/span><\/li>\n<\/ul>\n<ul>\n<li aria-level=\"1\"><span>\u00a0F\u00fcr die mit dem Abspielen eines Videos verbundene Verwendung von Daten Ihres Browsers bzw. Endger\u00e4tes verweisen wir auf die Datenschutzhinweise des Anbieters. Weitere Informationen zur Datenverarbeitung und Hinweise zum Datenschutz durch Vimeo finden Sie unter &lt;a href=&#8221;<\/span><a href=\"https:\/\/vimeo.com\/privacy\"><span>https:\/\/vimeo.com\/privacy<\/span><\/a><span>&#8220;&gt;<\/span><a href=\"https:\/\/vimeo.com\/privacy%3c\/a\"><span>https:\/\/vimeo.com\/privacy&lt;\/a<\/span><\/a><span>&gt;<\/span><\/li>\n<\/ul>\n<p>\u00a0<\/p>\n<h6><b>\u00a7 8 Airmeet<\/b><\/h6>\n<p>\u00a0<\/p>\n<ul>\n<li aria-level=\"1\"><span>Unsere virtuelle Konferenz wird mit der Software-as-a-Service (SaaS) Plattform Airmeet (Airmeet Inc., Lewes, US, 16192 Coastal Hwy) veranstaltet. Wir teilen mit dieser Firma E-Mail Adresse, Vorname, Nachname, Ort und Land.\u00a0<\/span><\/li>\n<li aria-level=\"1\"><span>Zweck der Datenverarbeitung ist die Erm\u00f6glichung der Teilnahme an unserem virtuellen Kongress. Weitere Informationen zur Datenverarbeitung und Hinweise zum Datenschutz durch Airmeet finden Sie unter: <\/span><a href=\"https:\/\/www.airmeet.com\/hub\/privacy-policy\/\"><span>https:\/\/www.airmeet.com\/hub\/privacy-policy\/<\/span><\/a><\/li>\n<\/ul>\n<p>\u00a0<\/p>\n<h6><b>\u00a7 10 BrainCert<\/b><\/h6>\n<p>\u00a0<\/p>\n<p>Wir benutzen die Plattform BrainCert um die Lehrinhalte zur Verf\u00fcgung zu stellen.<\/p>\n<p>Wie Daten BrainCert aufhebt und wie BrainCert mit Ihren Daten umgeht k\u00f6nnen Sie hier lesen: <a href=\"https:\/\/www.braincert.com\/privacy-policy\">https:\/\/www.braincert.com\/privacy-policy<\/a><\/p>\n<p>\u00a0<\/p>\n<h6><b>\u00a7 11 ThriveCart<\/b><\/h6>\n<p>\u00a0<\/p>\n<p><span data-custom-classes=\"\" class=\"sidepanel-sm-padding item-task-container page-pagebar--with-subtitle\">Wir verwenden Thrivecart im Rahmen des Bestellvorganges und der Zahlungsabwicklung, <\/span>einem Produkt der Webactix Ltd, 6 Boulder Lane, Pyes Pa, Tauranga, New Zealand. Du wirst f\u00fcr den Verkaufsvorgang direkt auf die Server von Thrivecart umgeleitet.<\/p>\n<p>Sobald du auf einen unserer Produktbuttons klicken, verl\u00e4sst du unsere Webseite und wirst auf unsere individuelle Thrivecart-Verkaufsseite weitergeleitet.<\/p>\n<p>S\u00e4mtliche Funktionen auf der Verkaufsseite sowie auch die gesamte nachgelagerte Verkaufsabwicklung erfolgen u\u0308ber Thrivecart.<\/p>\n<p>Wir weisen darauf hin, dass die M\u00f6glichkeit besteht, dass Daten in die USA u\u0308bertragen werden und durch US-Beh\u00f6rden verarbeitet werden. Die USA gelten nach aktueller Rechtslage als unsicheres Drittland mit unzureichendem Datenschutzniveau. Zurzeit liegt kein Angemessenheitsbeschluss gem. Art. 45 DSGVO vor.<\/p>\n<p>Wir haben mit Thrivecart ein Data Processing Agreement, entsprechend einem Vertrag zur Auftragsverarbeitung, gem\u00e4\u00df Art. 28 DSGVO abgeschlossen.<\/p>\n<p>Weitere Informationen erhalten Sie unter <a href=\"https:\/\/legal.thrivecart.com\" target=\"_blank\" rel=\"noopener\">https:\/\/legal.thrivecart.com<\/a><\/p>\n<p>\u00a0<\/p>\n<h6><b>\u00a7 12 Brevo<\/b><\/h6>\n<p>\u00a0<\/p>\n<p>Wir nutzen Brevo f\u00fcr den Versand von unserem Newsletter. Anbieter ist Sendinblue GmbH, K\u00f6penicker Stra\u00dfe 126, 10179 Berlin, Deutschland (&#8220;SendInBlue&#8221;). Die von Ihnen eingegebenen Daten (z.B. E-Mail-Adresse) werden auf den Servern von Brevo gespeichert.<\/p>\n<p>Brevo erm\u00f6glicht uns die Analyse des Verhaltens der Newsletterempf\u00e4nger (z.B. \u00d6ffnungsraten, Link Clicks etc.).<\/p>\n<p>Wenn Sie dies nicht m\u00f6chten, m\u00fcssen Sie den Newsletter abbestellen. Hierf\u00fcr finden Sie in jeder von uns verschickten Email einen entsprechenden Link. Sie k\u00f6nnen Ihre Einwilligung auch jederzeit mit Wirkung f\u00fcr die Zukunft per E-Mail an die in unserem Impressum angegebene Adresse widerrufen.<\/p>\n<p>Ihre Daten werden von uns bis zu Ihrer Austragung aus dem Newsletter gespeichert und nach der Abbestellung des Newsletters gel\u00f6scht. Daten, die zu anderen Zwecken bei uns gespeichert wurden (z.B. E-Mail-Adressen f\u00fcr den Mitgliederbereich) bleiben hiervon unber\u00fchrt.<\/p>\n<p>N\u00e4heres entnehmen Sie den Datenschutzbestimmungen von Brevo unter: <a href=\"https:\/\/www.brevo.com\/de\/legal\/privacypolicy\/\" target=\"_blank\" rel=\"noopener\">https:\/\/www.brevo.com\/de\/legal\/privacypolicy\/.<\/a><\/p>\n<p>Wir haben mit Brevo einen Vertrag abgeschlossen, in dem wir Brevo verpflichten, die Daten unserer Kunden zu sch\u00fctzen und sie nicht an Dritte weiterzugeben.<\/p>\n<!-- wp:heading {\"level\":1} --><!-- \/wp:heading --><!-- wp:heading -->\t\t\t\t\t\t<\/div>\n\t\t\t\t<\/div>\n\t\t\t\t<\/div>\n\t\t\t\t<\/div>\n\t\t","protected":false},"excerpt":{"rendered":"<p>\u00a7 1 Allgemeine Informationen \u00fcber die Verarbeitung von personenbezogenen Daten \u00a0 Im Rahmen der Nutzung unserer Website bzw. unserer damit angebotenen Dienste kann es zur Verarbeitung von personenbezogenen Daten kommen. Personenbezoge-ne Daten sind alle Informationen bzw. Daten, die auf Sie pers\u00f6nlich beziehbar sind (z.B. Name, Geburtsdatum, Kontaktadressen, etc.). Eine Verarbeitung personenbezo-gener Daten erfolgt nur unter [&hellip;]<\/p>\n","protected":false},"author":1,"featured_media":6018,"parent":0,"menu_order":0,"comment_status":"closed","ping_status":"closed","template":"","meta":{"footnotes":""},"class_list":["post-3998","page","type-page","status-publish","has-post-thumbnail","hentry"],"yoast_head":"<!-- This site is optimized with the Yoast SEO plugin v23.7 - https:\/\/yoast.com\/wordpress\/plugins\/seo\/ -->\n<title>Datenschutzerkl\u00e4rung<\/title>\n<meta name=\"description\" content=\"Hier finden Sie unsere Datenschutzerkl\u00e4rung, die Ihnen n\u00e4her bringt wie Ihre Daten bei uns getrackt und verarbeitet werden.\" \/>\n<meta name=\"robots\" content=\"index, follow, max-snippet:-1, max-image-preview:large, max-video-preview:-1\" \/>\n<link rel=\"canonical\" href=\"https:\/\/www.mededu.at\/ki-med\/datenschutzerklaerung\/\" \/>\n<meta property=\"og:locale\" content=\"de_DE\" \/>\n<meta property=\"og:type\" content=\"article\" \/>\n<meta property=\"og:title\" content=\"Datenschutzerkl\u00e4rung\" \/>\n<meta property=\"og:description\" content=\"Hier finden Sie unsere Datenschutzerkl\u00e4rung, die Ihnen n\u00e4her bringt wie Ihre Daten bei uns getrackt und verarbeitet werden.\" \/>\n<meta property=\"og:url\" content=\"https:\/\/www.mededu.at\/ki-med\/datenschutzerklaerung\/\" \/>\n<meta property=\"og:site_name\" content=\"MedEdu\" \/>\n<meta property=\"article:modified_time\" content=\"2024-10-28T13:51:52+00:00\" \/>\n<meta property=\"og:image\" content=\"https:\/\/www.mededu.at\/wp-content\/uploads\/2024\/09\/FireShot-Capture-500-MEDEDU-Datenschutzerklaerung-www.mededu.at_.png\" \/>\n\t<meta property=\"og:image:width\" content=\"1105\" \/>\n\t<meta property=\"og:image:height\" content=\"343\" \/>\n\t<meta property=\"og:image:type\" content=\"image\/png\" \/>\n<meta name=\"twitter:card\" content=\"summary_large_image\" \/>\n<meta name=\"twitter:label1\" content=\"Gesch\u00e4tzte Lesezeit\" \/>\n\t<meta name=\"twitter:data1\" content=\"8\u00a0Minuten\" \/>\n<script type=\"application\/ld+json\" class=\"yoast-schema-graph\">{\"@context\":\"https:\/\/schema.org\",\"@graph\":[{\"@type\":\"WebPage\",\"@id\":\"https:\/\/www.mededu.at\/ki-med\/datenschutzerklaerung\/\",\"url\":\"https:\/\/www.mededu.at\/ki-med\/datenschutzerklaerung\/\",\"name\":\"Datenschutzerkl\u00e4rung\",\"isPartOf\":{\"@id\":\"https:\/\/www.mededu.at\/ki-med\/#website\"},\"primaryImageOfPage\":{\"@id\":\"https:\/\/www.mededu.at\/ki-med\/datenschutzerklaerung\/#primaryimage\"},\"image\":{\"@id\":\"https:\/\/www.mededu.at\/ki-med\/datenschutzerklaerung\/#primaryimage\"},\"thumbnailUrl\":\"https:\/\/www.mededu.at\/wp-content\/uploads\/2024\/09\/FireShot-Capture-500-MEDEDU-Datenschutzerklaerung-www.mededu.at_.png\",\"datePublished\":\"2024-08-05T09:46:33+00:00\",\"dateModified\":\"2024-10-28T13:51:52+00:00\",\"description\":\"Hier finden Sie unsere Datenschutzerkl\u00e4rung, die Ihnen n\u00e4her bringt wie Ihre Daten bei uns getrackt und verarbeitet werden.\",\"breadcrumb\":{\"@id\":\"https:\/\/www.mededu.at\/ki-med\/datenschutzerklaerung\/#breadcrumb\"},\"inLanguage\":\"de\",\"potentialAction\":[{\"@type\":\"ReadAction\",\"target\":[\"https:\/\/www.mededu.at\/ki-med\/datenschutzerklaerung\/\"]}]},{\"@type\":\"ImageObject\",\"inLanguage\":\"de\",\"@id\":\"https:\/\/www.mededu.at\/ki-med\/datenschutzerklaerung\/#primaryimage\",\"url\":\"https:\/\/www.mededu.at\/wp-content\/uploads\/2024\/09\/FireShot-Capture-500-MEDEDU-Datenschutzerklaerung-www.mededu.at_.png\",\"contentUrl\":\"https:\/\/www.mededu.at\/wp-content\/uploads\/2024\/09\/FireShot-Capture-500-MEDEDU-Datenschutzerklaerung-www.mededu.at_.png\",\"width\":1105,\"height\":343,\"caption\":\"KI-Med: Datenschutzerkl\u00e4rung\"},{\"@type\":\"BreadcrumbList\",\"@id\":\"https:\/\/www.mededu.at\/ki-med\/datenschutzerklaerung\/#breadcrumb\",\"itemListElement\":[{\"@type\":\"ListItem\",\"position\":1,\"name\":\"Home\",\"item\":\"https:\/\/www.mededu.at\/ki-med\/\"},{\"@type\":\"ListItem\",\"position\":2,\"name\":\"Datenschutzerkl\u00e4rung\"}]},{\"@type\":\"WebSite\",\"@id\":\"https:\/\/www.mededu.at\/ki-med\/#website\",\"url\":\"https:\/\/www.mededu.at\/ki-med\/\",\"name\":\"MedEdu\",\"description\":\"Digitale Fortbildung in der Medizin\",\"publisher\":{\"@id\":\"https:\/\/www.mededu.at\/ki-med\/#organization\"},\"potentialAction\":[{\"@type\":\"SearchAction\",\"target\":{\"@type\":\"EntryPoint\",\"urlTemplate\":\"https:\/\/www.mededu.at\/ki-med\/?s={search_term_string}\"},\"query-input\":{\"@type\":\"PropertyValueSpecification\",\"valueRequired\":true,\"valueName\":\"search_term_string\"}}],\"inLanguage\":\"de\"},{\"@type\":\"Organization\",\"@id\":\"https:\/\/www.mededu.at\/ki-med\/#organization\",\"name\":\"MedEdu\",\"url\":\"https:\/\/www.mededu.at\/ki-med\/\",\"logo\":{\"@type\":\"ImageObject\",\"inLanguage\":\"de\",\"@id\":\"https:\/\/www.mededu.at\/ki-med\/#\/schema\/logo\/image\/\",\"url\":\"https:\/\/www.mededu.at\/wp-content\/uploads\/2023\/05\/Logo-1.png\",\"contentUrl\":\"https:\/\/www.mededu.at\/wp-content\/uploads\/2023\/05\/Logo-1.png\",\"width\":756,\"height\":713,\"caption\":\"MedEdu\"},\"image\":{\"@id\":\"https:\/\/www.mededu.at\/ki-med\/#\/schema\/logo\/image\/\"}}]}<\/script>\n<!-- \/ Yoast SEO plugin. -->","yoast_head_json":{"title":"Datenschutzerkl\u00e4rung","description":"Hier finden Sie unsere Datenschutzerkl\u00e4rung, die Ihnen n\u00e4her bringt wie Ihre Daten bei uns getrackt und verarbeitet werden.","robots":{"index":"index","follow":"follow","max-snippet":"max-snippet:-1","max-image-preview":"max-image-preview:large","max-video-preview":"max-video-preview:-1"},"canonical":"https:\/\/www.mededu.at\/ki-med\/datenschutzerklaerung\/","og_locale":"de_DE","og_type":"article","og_title":"Datenschutzerkl\u00e4rung","og_description":"Hier finden Sie unsere Datenschutzerkl\u00e4rung, die Ihnen n\u00e4her bringt wie Ihre Daten bei uns getrackt und verarbeitet werden.","og_url":"https:\/\/www.mededu.at\/ki-med\/datenschutzerklaerung\/","og_site_name":"MedEdu","article_modified_time":"2024-10-28T13:51:52+00:00","og_image":[{"width":1105,"height":343,"url":"https:\/\/www.mededu.at\/wp-content\/uploads\/2024\/09\/FireShot-Capture-500-MEDEDU-Datenschutzerklaerung-www.mededu.at_.png","type":"image\/png"}],"twitter_card":"summary_large_image","twitter_misc":{"Gesch\u00e4tzte Lesezeit":"8\u00a0Minuten"},"schema":{"@context":"https:\/\/schema.org","@graph":[{"@type":"WebPage","@id":"https:\/\/www.mededu.at\/ki-med\/datenschutzerklaerung\/","url":"https:\/\/www.mededu.at\/ki-med\/datenschutzerklaerung\/","name":"Datenschutzerkl\u00e4rung","isPartOf":{"@id":"https:\/\/www.mededu.at\/ki-med\/#website"},"primaryImageOfPage":{"@id":"https:\/\/www.mededu.at\/ki-med\/datenschutzerklaerung\/#primaryimage"},"image":{"@id":"https:\/\/www.mededu.at\/ki-med\/datenschutzerklaerung\/#primaryimage"},"thumbnailUrl":"https:\/\/www.mededu.at\/wp-content\/uploads\/2024\/09\/FireShot-Capture-500-MEDEDU-Datenschutzerklaerung-www.mededu.at_.png","datePublished":"2024-08-05T09:46:33+00:00","dateModified":"2024-10-28T13:51:52+00:00","description":"Hier finden Sie unsere Datenschutzerkl\u00e4rung, die Ihnen n\u00e4her bringt wie Ihre Daten bei uns getrackt und verarbeitet werden.","breadcrumb":{"@id":"https:\/\/www.mededu.at\/ki-med\/datenschutzerklaerung\/#breadcrumb"},"inLanguage":"de","potentialAction":[{"@type":"ReadAction","target":["https:\/\/www.mededu.at\/ki-med\/datenschutzerklaerung\/"]}]},{"@type":"ImageObject","inLanguage":"de","@id":"https:\/\/www.mededu.at\/ki-med\/datenschutzerklaerung\/#primaryimage","url":"https:\/\/www.mededu.at\/wp-content\/uploads\/2024\/09\/FireShot-Capture-500-MEDEDU-Datenschutzerklaerung-www.mededu.at_.png","contentUrl":"https:\/\/www.mededu.at\/wp-content\/uploads\/2024\/09\/FireShot-Capture-500-MEDEDU-Datenschutzerklaerung-www.mededu.at_.png","width":1105,"height":343,"caption":"KI-Med: Datenschutzerkl\u00e4rung"},{"@type":"BreadcrumbList","@id":"https:\/\/www.mededu.at\/ki-med\/datenschutzerklaerung\/#breadcrumb","itemListElement":[{"@type":"ListItem","position":1,"name":"Home","item":"https:\/\/www.mededu.at\/ki-med\/"},{"@type":"ListItem","position":2,"name":"Datenschutzerkl\u00e4rung"}]},{"@type":"WebSite","@id":"https:\/\/www.mededu.at\/ki-med\/#website","url":"https:\/\/www.mededu.at\/ki-med\/","name":"MedEdu","description":"Digitale Fortbildung in der Medizin","publisher":{"@id":"https:\/\/www.mededu.at\/ki-med\/#organization"},"potentialAction":[{"@type":"SearchAction","target":{"@type":"EntryPoint","urlTemplate":"https:\/\/www.mededu.at\/ki-med\/?s={search_term_string}"},"query-input":{"@type":"PropertyValueSpecification","valueRequired":true,"valueName":"search_term_string"}}],"inLanguage":"de"},{"@type":"Organization","@id":"https:\/\/www.mededu.at\/ki-med\/#organization","name":"MedEdu","url":"https:\/\/www.mededu.at\/ki-med\/","logo":{"@type":"ImageObject","inLanguage":"de","@id":"https:\/\/www.mededu.at\/ki-med\/#\/schema\/logo\/image\/","url":"https:\/\/www.mededu.at\/wp-content\/uploads\/2023\/05\/Logo-1.png","contentUrl":"https:\/\/www.mededu.at\/wp-content\/uploads\/2023\/05\/Logo-1.png","width":756,"height":713,"caption":"MedEdu"},"image":{"@id":"https:\/\/www.mededu.at\/ki-med\/#\/schema\/logo\/image\/"}}]}},"_links":{"self":[{"href":"https:\/\/www.mededu.at\/ki-med\/wp-json\/wp\/v2\/pages\/3998","targetHints":{"allow":["GET"]}}],"collection":[{"href":"https:\/\/www.mededu.at\/ki-med\/wp-json\/wp\/v2\/pages"}],"about":[{"href":"https:\/\/www.mededu.at\/ki-med\/wp-json\/wp\/v2\/types\/page"}],"author":[{"embeddable":true,"href":"https:\/\/www.mededu.at\/ki-med\/wp-json\/wp\/v2\/users\/1"}],"replies":[{"embeddable":true,"href":"https:\/\/www.mededu.at\/ki-med\/wp-json\/wp\/v2\/comments?post=3998"}],"version-history":[{"count":38,"href":"https:\/\/www.mededu.at\/ki-med\/wp-json\/wp\/v2\/pages\/3998\/revisions"}],"predecessor-version":[{"id":6215,"href":"https:\/\/www.mededu.at\/ki-med\/wp-json\/wp\/v2\/pages\/3998\/revisions\/6215"}],"wp:featuredmedia":[{"embeddable":true,"href":"https:\/\/www.mededu.at\/ki-med\/wp-json\/wp\/v2\/media\/6018"}],"wp:attachment":[{"href":"https:\/\/www.mededu.at\/ki-med\/wp-json\/wp\/v2\/media?parent=3998"}],"curies":[{"name":"wp","href":"https:\/\/api.w.org\/{rel}","templated":true}]}}