{"id":3642,"date":"2024-07-29T11:33:55","date_gmt":"2024-07-29T11:33:55","guid":{"rendered":"https:\/\/www.mededu.at\/?page_id=3642"},"modified":"2025-03-18T08:39:52","modified_gmt":"2025-03-18T08:39:52","slug":"danke","status":"publish","type":"page","link":"https:\/\/www.mededu.at\/ki-med\/danke\/","title":{"rendered":"MEDEDU &#8211; EMAIL ANMELDUNG: Generelle Dankesseite"},"content":{"rendered":"\t\t<div data-elementor-type=\"wp-page\" data-elementor-id=\"3642\" class=\"elementor elementor-3642\" data-elementor-post-type=\"page\">\n\t\t\t\t\t\t<section class=\"elementor-section elementor-top-section elementor-element elementor-element-7341e64 elementor-section-boxed elementor-section-height-default elementor-section-height-default\" data-id=\"7341e64\" data-element_type=\"section\" data-settings=\"{&quot;background_background&quot;:&quot;classic&quot;}\">\n\t\t\t\t\t\t\t<div class=\"elementor-background-overlay\"><\/div>\n\t\t\t\t\t\t\t<div class=\"elementor-container elementor-column-gap-default\">\n\t\t\t\t\t<div class=\"elementor-column elementor-col-100 elementor-top-column elementor-element elementor-element-9937e7a\" data-id=\"9937e7a\" data-element_type=\"column\">\n\t\t\t<div class=\"elementor-widget-wrap elementor-element-populated\">\n\t\t\t\t\t\t<div class=\"elementor-element elementor-element-4b59941 elementor-widget elementor-widget-spacer\" data-id=\"4b59941\" data-element_type=\"widget\" data-widget_type=\"spacer.default\">\n\t\t\t\t<div class=\"elementor-widget-container\">\n\t\t\t\t\t<div class=\"elementor-spacer\">\n\t\t\t<div class=\"elementor-spacer-inner\"><\/div>\n\t\t<\/div>\n\t\t\t\t<\/div>\n\t\t\t\t<\/div>\n\t\t\t\t<section class=\"elementor-section elementor-inner-section elementor-element elementor-element-d55d00a elementor-section-boxed elementor-section-height-default elementor-section-height-default\" data-id=\"d55d00a\" data-element_type=\"section\">\n\t\t\t\t\t\t<div class=\"elementor-container elementor-column-gap-default\">\n\t\t\t\t\t<div class=\"elementor-column elementor-col-100 elementor-inner-column elementor-element elementor-element-ba8a7e6\" data-id=\"ba8a7e6\" data-element_type=\"column\">\n\t\t\t<div class=\"elementor-widget-wrap elementor-element-populated\">\n\t\t\t\t\t\t<div class=\"elementor-element elementor-element-08a955e elementor-widget elementor-widget-spacer\" data-id=\"08a955e\" data-element_type=\"widget\" data-widget_type=\"spacer.default\">\n\t\t\t\t<div class=\"elementor-widget-container\">\n\t\t\t\t\t<div class=\"elementor-spacer\">\n\t\t\t<div class=\"elementor-spacer-inner\"><\/div>\n\t\t<\/div>\n\t\t\t\t<\/div>\n\t\t\t\t<\/div>\n\t\t\t\t<div class=\"elementor-element elementor-element-5614a76 elementor-widget elementor-widget-heading\" data-id=\"5614a76\" data-element_type=\"widget\" data-widget_type=\"heading.default\">\n\t\t\t\t<div class=\"elementor-widget-container\">\n\t\t\t<h2 class=\"elementor-heading-title elementor-size-default\">Danke - Sie sind jetzt auf unserem Verteiler und bekommen alle relevanten Infos zugeschickt.<\/h2>\t\t<\/div>\n\t\t\t\t<\/div>\n\t\t\t\t<div class=\"elementor-element elementor-element-9174546 elementor-widget__width-initial elementor-hidden-mobile elementor-widget elementor-widget-spacer\" data-id=\"9174546\" data-element_type=\"widget\" data-widget_type=\"spacer.default\">\n\t\t\t\t<div class=\"elementor-widget-container\">\n\t\t\t\t\t<div class=\"elementor-spacer\">\n\t\t\t<div class=\"elementor-spacer-inner\"><\/div>\n\t\t<\/div>\n\t\t\t\t<\/div>\n\t\t\t\t<\/div>\n\t\t\t\t<div class=\"elementor-element elementor-element-b1e588a elementor-widget elementor-widget-spacer\" data-id=\"b1e588a\" data-element_type=\"widget\" data-widget_type=\"spacer.default\">\n\t\t\t\t<div class=\"elementor-widget-container\">\n\t\t\t\t\t<div class=\"elementor-spacer\">\n\t\t\t<div class=\"elementor-spacer-inner\"><\/div>\n\t\t<\/div>\n\t\t\t\t<\/div>\n\t\t\t\t<\/div>\n\t\t\t\t\t<\/div>\n\t\t<\/div>\n\t\t\t\t\t<\/div>\n\t\t<\/section>\n\t\t\t\t\t<\/div>\n\t\t<\/div>\n\t\t\t\t\t<\/div>\n\t\t<\/section>\n\t\t\t\t<section class=\"elementor-section elementor-top-section elementor-element elementor-element-1a4775e elementor-section-boxed elementor-section-height-default elementor-section-height-default\" data-id=\"1a4775e\" data-element_type=\"section\" data-settings=\"{&quot;background_background&quot;:&quot;classic&quot;}\">\n\t\t\t\t\t\t<div class=\"elementor-container elementor-column-gap-default\">\n\t\t\t\t\t<div class=\"elementor-column elementor-col-50 elementor-top-column elementor-element elementor-element-e25c257\" data-id=\"e25c257\" data-element_type=\"column\">\n\t\t\t<div class=\"elementor-widget-wrap elementor-element-populated\">\n\t\t\t\t\t\t<section class=\"elementor-section elementor-inner-section elementor-element elementor-element-31e98b3 elementor-section-boxed elementor-section-height-default elementor-section-height-default\" data-id=\"31e98b3\" data-element_type=\"section\">\n\t\t\t\t\t\t<div class=\"elementor-container elementor-column-gap-default\">\n\t\t\t\t\t<div class=\"elementor-column elementor-col-100 elementor-inner-column elementor-element elementor-element-ae92f56\" data-id=\"ae92f56\" data-element_type=\"column\">\n\t\t\t<div class=\"elementor-widget-wrap elementor-element-populated\">\n\t\t\t\t\t\t<div class=\"elementor-element elementor-element-01236bf elementor-widget__width-auto elementor-widget-tablet__width-initial elementor-widget elementor-widget-image\" data-id=\"01236bf\" data-element_type=\"widget\" data-widget_type=\"image.default\">\n\t\t\t\t<div class=\"elementor-widget-container\">\n\t\t\t\t\t\t\t\t\t\t\t\t\t\t<a href=\"mailto:ak@itzone.at\">\n\t\t\t\t\t\t\t<img fetchpriority=\"high\" decoding=\"async\" width=\"1080\" height=\"1080\" src=\"https:\/\/www.mededu.at\/wp-content\/uploads\/2024\/07\/3.png\" class=\"attachment-full size-full wp-image-3617\" alt=\"Arthur Kullnig\" srcset=\"https:\/\/www.mededu.at\/wp-content\/uploads\/2024\/07\/3.png 1080w, https:\/\/www.mededu.at\/wp-content\/uploads\/2024\/07\/3-540x540.png 540w, https:\/\/www.mededu.at\/wp-content\/uploads\/2024\/07\/3-240x240.png 240w, https:\/\/www.mededu.at\/wp-content\/uploads\/2024\/07\/3-300x300.png 300w, https:\/\/www.mededu.at\/wp-content\/uploads\/2024\/07\/3-1024x1024.png 1024w, https:\/\/www.mededu.at\/wp-content\/uploads\/2024\/07\/3-150x150.png 150w, https:\/\/www.mededu.at\/wp-content\/uploads\/2024\/07\/3-768x768.png 768w, https:\/\/www.mededu.at\/wp-content\/uploads\/2024\/07\/3-600x600.png 600w, https:\/\/www.mededu.at\/wp-content\/uploads\/2024\/07\/3-96x96.png 96w\" sizes=\"(max-width: 1080px) 100vw, 1080px\" \/>\t\t\t\t\t\t\t\t<\/a>\n\t\t\t\t\t\t\t\t\t\t\t\t\t<\/div>\n\t\t\t\t<\/div>\n\t\t\t\t<div class=\"elementor-element elementor-element-b219887 elementor-widget__width-auto elementor-widget-tablet__width-initial aleft elementor-widget-icon-box wgl-icon-box elementor-widget elementor-widget-wgl-button\" data-id=\"b219887\" data-element_type=\"widget\" data-widget_type=\"wgl-button.default\">\n\t\t\t\t<div class=\"elementor-widget-container\">\n\t\t\t<a class=\"wgl-button btn-size-lg \" role=\"button\" href=\"https:\/\/www.mededu.at\/ki-med\/ueber-uns\/\"><div class=\"button__content align-icon-right\"><div class=\"media-wrapper icon-wrapper\"><span class=\"wgl-icon\" ><i class=\"icon elementor-icon flaticon flaticon-right-arrow\" aria-hidden=\"true\"><\/i><\/span><\/div><span class=\"button__text\">Das Team <\/span><\/div><\/a>\t\t<\/div>\n\t\t\t\t<\/div>\n\t\t\t\t\t<\/div>\n\t\t<\/div>\n\t\t\t\t\t<\/div>\n\t\t<\/section>\n\t\t\t\t<div class=\"elementor-element elementor-element-153cf54 elementor-widget elementor-widget-spacer\" data-id=\"153cf54\" data-element_type=\"widget\" data-widget_type=\"spacer.default\">\n\t\t\t\t<div class=\"elementor-widget-container\">\n\t\t\t\t\t<div class=\"elementor-spacer\">\n\t\t\t<div class=\"elementor-spacer-inner\"><\/div>\n\t\t<\/div>\n\t\t\t\t<\/div>\n\t\t\t\t<\/div>\n\t\t\t\t<section class=\"elementor-section elementor-inner-section elementor-element elementor-element-508b984 elementor-section-boxed elementor-section-height-default elementor-section-height-default\" data-id=\"508b984\" data-element_type=\"section\">\n\t\t\t\t\t\t<div class=\"elementor-container elementor-column-gap-default\">\n\t\t\t\t\t<div class=\"elementor-column elementor-col-100 elementor-inner-column elementor-element elementor-element-5049711\" data-id=\"5049711\" data-element_type=\"column\">\n\t\t\t<div class=\"elementor-widget-wrap elementor-element-populated\">\n\t\t\t\t\t\t<div class=\"elementor-element elementor-element-66fd990 elementor-widget__width-auto hover_links elementor-widget elementor-widget-text-editor\" data-id=\"66fd990\" data-element_type=\"widget\" data-widget_type=\"text-editor.default\">\n\t\t\t\t<div class=\"elementor-widget-container\">\n\t\t\t\t\t\t\t<p><a href=\"tel:+1800123456789\">+43 699 12 35 00 55<\/a><\/p>\t\t\t\t\t\t<\/div>\n\t\t\t\t<\/div>\n\t\t\t\t\t<\/div>\n\t\t<\/div>\n\t\t\t\t\t<\/div>\n\t\t<\/section>\n\t\t\t\t<section class=\"elementor-section elementor-inner-section elementor-element elementor-element-e1b480e elementor-section-boxed elementor-section-height-default elementor-section-height-default\" data-id=\"e1b480e\" data-element_type=\"section\">\n\t\t\t\t\t\t<div class=\"elementor-container elementor-column-gap-default\">\n\t\t\t\t\t<div class=\"elementor-column elementor-col-100 elementor-inner-column elementor-element elementor-element-2d1a2ba\" data-id=\"2d1a2ba\" data-element_type=\"column\">\n\t\t\t<div class=\"elementor-widget-wrap elementor-element-populated\">\n\t\t\t\t\t\t<div class=\"elementor-element elementor-element-fab0957 elementor-widget__width-auto hover_links elementor-widget elementor-widget-text-editor\" data-id=\"fab0957\" data-element_type=\"widget\" data-widget_type=\"text-editor.default\">\n\t\t\t\t<div class=\"elementor-widget-container\">\n\t\t\t\t\t\t\t<a href=\"mailto:itconf@mail.com\">ak@itzone.at<\/a>\t\t\t\t\t\t<\/div>\n\t\t\t\t<\/div>\n\t\t\t\t\t<\/div>\n\t\t<\/div>\n\t\t\t\t\t<\/div>\n\t\t<\/section>\n\t\t\t\t\t<\/div>\n\t\t<\/div>\n\t\t\t\t<div class=\"elementor-column elementor-col-50 elementor-top-column elementor-element elementor-element-b292338\" data-id=\"b292338\" data-element_type=\"column\">\n\t\t\t<div class=\"elementor-widget-wrap elementor-element-populated\">\n\t\t\t\t\t\t<div class=\"elementor-element elementor-element-c0d4836 elementor-widget__width-initial aleft elementor-widget elementor-widget-wgl-double-heading\" data-id=\"c0d4836\" data-element_type=\"widget\" data-widget_type=\"wgl-double-heading.default\">\n\t\t\t\t<div class=\"elementor-widget-container\">\n\t\t\t<div class=\"wgl-double-heading\"><div class=\"dblh__wrapper\"><h3 class=\"dblh__title-wrapper\"><span class=\"dblh__title dblh__title-1\">Sie brauchen noch DFP Fortbildungspunkte?<\/span><\/h3><\/div><\/div>\t\t<\/div>\n\t\t\t\t<\/div>\n\t\t\t\t<div class=\"elementor-element elementor-element-a349eda elementor-widget elementor-widget-spacer\" data-id=\"a349eda\" data-element_type=\"widget\" data-widget_type=\"spacer.default\">\n\t\t\t\t<div class=\"elementor-widget-container\">\n\t\t\t\t\t<div class=\"elementor-spacer\">\n\t\t\t<div class=\"elementor-spacer-inner\"><\/div>\n\t\t<\/div>\n\t\t\t\t<\/div>\n\t\t\t\t<\/div>\n\t\t\t\t<div class=\"elementor-element elementor-element-f20b56f elementor-widget__width-initial elementor-widget elementor-widget-text-editor\" data-id=\"f20b56f\" data-element_type=\"widget\" data-widget_type=\"text-editor.default\">\n\t\t\t\t<div class=\"elementor-widget-container\">\n\t\t\t\t\t\t\t<p>Hole Sie sich hier Zugang zu weiteren DFP approbierten Vortr\u00e4gen.<\/p>\t\t\t\t\t\t<\/div>\n\t\t\t\t<\/div>\n\t\t\t\t<div class=\"elementor-element elementor-element-3e3386f elementor-widget elementor-widget-spacer\" data-id=\"3e3386f\" data-element_type=\"widget\" data-widget_type=\"spacer.default\">\n\t\t\t\t<div class=\"elementor-widget-container\">\n\t\t\t\t\t<div class=\"elementor-spacer\">\n\t\t\t<div class=\"elementor-spacer-inner\"><\/div>\n\t\t<\/div>\n\t\t\t\t<\/div>\n\t\t\t\t<\/div>\n\t\t\t\t<div class=\"elementor-element elementor-element-c238772 aleft elementor-widget-icon-box wgl-icon-box elementor-widget elementor-widget-wgl-button\" data-id=\"c238772\" data-element_type=\"widget\" data-widget_type=\"wgl-button.default\">\n\t\t\t\t<div class=\"elementor-widget-container\">\n\t\t\t<a class=\"wgl-button btn-size-lg \" role=\"button\"><div class=\"button__content align-icon-left\"><div class=\"media-wrapper icon-wrapper\"><span class=\"wgl-icon\" ><i class=\"icon elementor-icon flaticon-right\" aria-hidden=\"true\"><\/i><\/span><\/div><span class=\"button__text\">Zu den Vortr\u00e4gen (in K\u00fcrze verf\u00fcgbar)<\/span><\/div><\/a>\t\t<\/div>\n\t\t\t\t<\/div>\n\t\t\t\t\t<\/div>\n\t\t<\/div>\n\t\t\t\t\t<\/div>\n\t\t<\/section>\n\t\t<div class=\"elementor-element elementor-element-e24716f e-flex e-con-boxed e-con e-parent\" data-id=\"e24716f\" data-element_type=\"container\" data-settings=\"{&quot;background_background&quot;:&quot;classic&quot;}\">\n\t\t\t\t\t<div class=\"e-con-inner\">\n\t\t\t\t<div class=\"elementor-element elementor-element-5dee375 elementor-widget elementor-widget-spacer\" data-id=\"5dee375\" data-element_type=\"widget\" data-widget_type=\"spacer.default\">\n\t\t\t\t<div class=\"elementor-widget-container\">\n\t\t\t\t\t<div class=\"elementor-spacer\">\n\t\t\t<div class=\"elementor-spacer-inner\"><\/div>\n\t\t<\/div>\n\t\t\t\t<\/div>\n\t\t\t\t<\/div>\n\t\t\t\t\t<\/div>\n\t\t\t\t<\/div>\n\t\t\t\t<\/div>\n\t\t","protected":false},"excerpt":{"rendered":"<p>Danke &#8211; Sie sind jetzt auf unserem Verteiler und bekommen alle relevanten Infos zugeschickt. Das Team +43 699 12 35 00 55 ak@itzone.at Sie brauchen noch DFP Fortbildungspunkte? Hole Sie sich hier Zugang zu weiteren DFP approbierten Vortr\u00e4gen. Zu den Vortr\u00e4gen (in K\u00fcrze verf\u00fcgbar)<\/p>\n","protected":false},"author":1,"featured_media":0,"parent":0,"menu_order":0,"comment_status":"closed","ping_status":"closed","template":"","meta":{"footnotes":""},"class_list":["post-3642","page","type-page","status-publish","hentry"],"yoast_head":"<!-- This site is optimized with the Yoast SEO plugin v23.7 - https:\/\/yoast.com\/wordpress\/plugins\/seo\/ -->\n<title>MEDEDU - EMAIL ANMELDUNG: Generelle Dankesseite - MedEdu<\/title>\n<meta name=\"robots\" content=\"noindex, nofollow\" \/>\n<meta property=\"og:locale\" content=\"de_DE\" \/>\n<meta property=\"og:type\" content=\"article\" \/>\n<meta property=\"og:title\" content=\"MEDEDU - EMAIL ANMELDUNG: Generelle Dankesseite - MedEdu\" \/>\n<meta property=\"og:description\" content=\"Danke &#8211; Sie sind jetzt auf unserem Verteiler und bekommen alle relevanten Infos zugeschickt. Das Team +43 699 12 35 00 55 ak@itzone.at Sie brauchen noch DFP Fortbildungspunkte? Hole Sie sich hier Zugang zu weiteren DFP approbierten Vortr\u00e4gen. Zu den Vortr\u00e4gen (in K\u00fcrze verf\u00fcgbar)\" \/>\n<meta property=\"og:url\" content=\"https:\/\/www.mededu.at\/ki-med\/danke\/\" \/>\n<meta property=\"og:site_name\" content=\"MedEdu\" \/>\n<meta property=\"article:modified_time\" content=\"2025-03-18T08:39:52+00:00\" \/>\n<meta property=\"og:image\" content=\"https:\/\/www.mededu.at\/wp-content\/uploads\/2024\/07\/3.png\" \/>\n<meta name=\"twitter:card\" content=\"summary_large_image\" \/>\n<meta name=\"twitter:label1\" content=\"Gesch\u00e4tzte Lesezeit\" \/>\n\t<meta name=\"twitter:data1\" content=\"1\u00a0Minute\" \/>\n<script type=\"application\/ld+json\" class=\"yoast-schema-graph\">{\"@context\":\"https:\/\/schema.org\",\"@graph\":[{\"@type\":\"WebPage\",\"@id\":\"https:\/\/www.mededu.at\/ki-med\/danke\/\",\"url\":\"https:\/\/www.mededu.at\/ki-med\/danke\/\",\"name\":\"MEDEDU - EMAIL ANMELDUNG: Generelle Dankesseite - MedEdu\",\"isPartOf\":{\"@id\":\"https:\/\/www.mededu.at\/ki-med\/#website\"},\"primaryImageOfPage\":{\"@id\":\"https:\/\/www.mededu.at\/ki-med\/danke\/#primaryimage\"},\"image\":{\"@id\":\"https:\/\/www.mededu.at\/ki-med\/danke\/#primaryimage\"},\"thumbnailUrl\":\"https:\/\/www.mededu.at\/wp-content\/uploads\/2024\/07\/3.png\",\"datePublished\":\"2024-07-29T11:33:55+00:00\",\"dateModified\":\"2025-03-18T08:39:52+00:00\",\"breadcrumb\":{\"@id\":\"https:\/\/www.mededu.at\/ki-med\/danke\/#breadcrumb\"},\"inLanguage\":\"de\",\"potentialAction\":[{\"@type\":\"ReadAction\",\"target\":[\"https:\/\/www.mededu.at\/ki-med\/danke\/\"]}]},{\"@type\":\"ImageObject\",\"inLanguage\":\"de\",\"@id\":\"https:\/\/www.mededu.at\/ki-med\/danke\/#primaryimage\",\"url\":\"https:\/\/www.mededu.at\/wp-content\/uploads\/2024\/07\/3.png\",\"contentUrl\":\"https:\/\/www.mededu.at\/wp-content\/uploads\/2024\/07\/3.png\"},{\"@type\":\"BreadcrumbList\",\"@id\":\"https:\/\/www.mededu.at\/ki-med\/danke\/#breadcrumb\",\"itemListElement\":[{\"@type\":\"ListItem\",\"position\":1,\"name\":\"Home\",\"item\":\"https:\/\/www.mededu.at\/ki-med\/\"},{\"@type\":\"ListItem\",\"position\":2,\"name\":\"MEDEDU &#8211; EMAIL ANMELDUNG: Generelle Dankesseite\"}]},{\"@type\":\"WebSite\",\"@id\":\"https:\/\/www.mededu.at\/ki-med\/#website\",\"url\":\"https:\/\/www.mededu.at\/ki-med\/\",\"name\":\"MedEdu\",\"description\":\"Digitale Fortbildung in der Medizin\",\"publisher\":{\"@id\":\"https:\/\/www.mededu.at\/ki-med\/#organization\"},\"potentialAction\":[{\"@type\":\"SearchAction\",\"target\":{\"@type\":\"EntryPoint\",\"urlTemplate\":\"https:\/\/www.mededu.at\/ki-med\/?s={search_term_string}\"},\"query-input\":{\"@type\":\"PropertyValueSpecification\",\"valueRequired\":true,\"valueName\":\"search_term_string\"}}],\"inLanguage\":\"de\"},{\"@type\":\"Organization\",\"@id\":\"https:\/\/www.mededu.at\/ki-med\/#organization\",\"name\":\"MedEdu\",\"url\":\"https:\/\/www.mededu.at\/ki-med\/\",\"logo\":{\"@type\":\"ImageObject\",\"inLanguage\":\"de\",\"@id\":\"https:\/\/www.mededu.at\/ki-med\/#\/schema\/logo\/image\/\",\"url\":\"https:\/\/www.mededu.at\/wp-content\/uploads\/2023\/05\/Logo-1.png\",\"contentUrl\":\"https:\/\/www.mededu.at\/wp-content\/uploads\/2023\/05\/Logo-1.png\",\"width\":756,\"height\":713,\"caption\":\"MedEdu\"},\"image\":{\"@id\":\"https:\/\/www.mededu.at\/ki-med\/#\/schema\/logo\/image\/\"}}]}<\/script>\n<!-- \/ Yoast SEO plugin. -->","yoast_head_json":{"title":"MEDEDU - EMAIL ANMELDUNG: Generelle Dankesseite - MedEdu","robots":{"index":"noindex","follow":"nofollow"},"og_locale":"de_DE","og_type":"article","og_title":"MEDEDU - EMAIL ANMELDUNG: Generelle Dankesseite - MedEdu","og_description":"Danke &#8211; Sie sind jetzt auf unserem Verteiler und bekommen alle relevanten Infos zugeschickt. Das Team +43 699 12 35 00 55 ak@itzone.at Sie brauchen noch DFP Fortbildungspunkte? Hole Sie sich hier Zugang zu weiteren DFP approbierten Vortr\u00e4gen. Zu den Vortr\u00e4gen (in K\u00fcrze verf\u00fcgbar)","og_url":"https:\/\/www.mededu.at\/ki-med\/danke\/","og_site_name":"MedEdu","article_modified_time":"2025-03-18T08:39:52+00:00","og_image":[{"url":"https:\/\/www.mededu.at\/wp-content\/uploads\/2024\/07\/3.png"}],"twitter_card":"summary_large_image","twitter_misc":{"Gesch\u00e4tzte Lesezeit":"1\u00a0Minute"},"schema":{"@context":"https:\/\/schema.org","@graph":[{"@type":"WebPage","@id":"https:\/\/www.mededu.at\/ki-med\/danke\/","url":"https:\/\/www.mededu.at\/ki-med\/danke\/","name":"MEDEDU - EMAIL ANMELDUNG: Generelle Dankesseite - MedEdu","isPartOf":{"@id":"https:\/\/www.mededu.at\/ki-med\/#website"},"primaryImageOfPage":{"@id":"https:\/\/www.mededu.at\/ki-med\/danke\/#primaryimage"},"image":{"@id":"https:\/\/www.mededu.at\/ki-med\/danke\/#primaryimage"},"thumbnailUrl":"https:\/\/www.mededu.at\/wp-content\/uploads\/2024\/07\/3.png","datePublished":"2024-07-29T11:33:55+00:00","dateModified":"2025-03-18T08:39:52+00:00","breadcrumb":{"@id":"https:\/\/www.mededu.at\/ki-med\/danke\/#breadcrumb"},"inLanguage":"de","potentialAction":[{"@type":"ReadAction","target":["https:\/\/www.mededu.at\/ki-med\/danke\/"]}]},{"@type":"ImageObject","inLanguage":"de","@id":"https:\/\/www.mededu.at\/ki-med\/danke\/#primaryimage","url":"https:\/\/www.mededu.at\/wp-content\/uploads\/2024\/07\/3.png","contentUrl":"https:\/\/www.mededu.at\/wp-content\/uploads\/2024\/07\/3.png"},{"@type":"BreadcrumbList","@id":"https:\/\/www.mededu.at\/ki-med\/danke\/#breadcrumb","itemListElement":[{"@type":"ListItem","position":1,"name":"Home","item":"https:\/\/www.mededu.at\/ki-med\/"},{"@type":"ListItem","position":2,"name":"MEDEDU &#8211; EMAIL ANMELDUNG: Generelle Dankesseite"}]},{"@type":"WebSite","@id":"https:\/\/www.mededu.at\/ki-med\/#website","url":"https:\/\/www.mededu.at\/ki-med\/","name":"MedEdu","description":"Digitale Fortbildung in der Medizin","publisher":{"@id":"https:\/\/www.mededu.at\/ki-med\/#organization"},"potentialAction":[{"@type":"SearchAction","target":{"@type":"EntryPoint","urlTemplate":"https:\/\/www.mededu.at\/ki-med\/?s={search_term_string}"},"query-input":{"@type":"PropertyValueSpecification","valueRequired":true,"valueName":"search_term_string"}}],"inLanguage":"de"},{"@type":"Organization","@id":"https:\/\/www.mededu.at\/ki-med\/#organization","name":"MedEdu","url":"https:\/\/www.mededu.at\/ki-med\/","logo":{"@type":"ImageObject","inLanguage":"de","@id":"https:\/\/www.mededu.at\/ki-med\/#\/schema\/logo\/image\/","url":"https:\/\/www.mededu.at\/wp-content\/uploads\/2023\/05\/Logo-1.png","contentUrl":"https:\/\/www.mededu.at\/wp-content\/uploads\/2023\/05\/Logo-1.png","width":756,"height":713,"caption":"MedEdu"},"image":{"@id":"https:\/\/www.mededu.at\/ki-med\/#\/schema\/logo\/image\/"}}]}},"_links":{"self":[{"href":"https:\/\/www.mededu.at\/ki-med\/wp-json\/wp\/v2\/pages\/3642","targetHints":{"allow":["GET"]}}],"collection":[{"href":"https:\/\/www.mededu.at\/ki-med\/wp-json\/wp\/v2\/pages"}],"about":[{"href":"https:\/\/www.mededu.at\/ki-med\/wp-json\/wp\/v2\/types\/page"}],"author":[{"embeddable":true,"href":"https:\/\/www.mededu.at\/ki-med\/wp-json\/wp\/v2\/users\/1"}],"replies":[{"embeddable":true,"href":"https:\/\/www.mededu.at\/ki-med\/wp-json\/wp\/v2\/comments?post=3642"}],"version-history":[{"count":44,"href":"https:\/\/www.mededu.at\/ki-med\/wp-json\/wp\/v2\/pages\/3642\/revisions"}],"predecessor-version":[{"id":6270,"href":"https:\/\/www.mededu.at\/ki-med\/wp-json\/wp\/v2\/pages\/3642\/revisions\/6270"}],"wp:attachment":[{"href":"https:\/\/www.mededu.at\/ki-med\/wp-json\/wp\/v2\/media?parent=3642"}],"curies":[{"name":"wp","href":"https:\/\/api.w.org\/{rel}","templated":true}]}}